{"id":4035,"date":"2023-05-10T13:23:09","date_gmt":"2023-05-10T11:23:09","guid":{"rendered":"http:\/\/attorney-at-law.cmsmasters.net\/?page_id=4035"},"modified":"2024-04-16T18:33:46","modified_gmt":"2024-04-16T16:33:46","slug":"contact","status":"publish","type":"page","link":"http:\/\/192.168.1.18\/contact\/","title":{"rendered":"Contact"},"content":{"rendered":"<style type=\"text\/css\" data-type=\"vc_cmsms_shortcodes-custom-css\"><\/style><p>[vc_row full_width=\u00a0\u00bbstretch_row_content_no_spaces\u00a0\u00bb css=\u00a0\u00bb.vc_custom_1519121501343{margin-top: 0px !important;margin-right: 0px !important;margin-bottom: 0px !important;margin-left: 0px !important;border-top-width: 0px !important;border-right-width: 0px !important;border-bottom-width: 0px !important;border-left-width: 0px !important;padding-top: 0px !important;padding-right: 0px !important;padding-bottom: 0px !important;padding-left: 0px !important;border-left-style: none !important;border-right-style: none !important;border-top-style: none !important;border-bottom-style: none !important;}\u00a0\u00bb][vc_column css=\u00a0\u00bb.vc_custom_1519117916998{margin-top: 0px !important;margin-right: 0px !important;margin-bottom: 0px !important;margin-left: 0px !important;border-top-width: 0px !important;border-right-width: 0px !important;border-bottom-width: 0px !important;border-left-width: 0px !important;padding-top: 0px !important;padding-right: 0px !important;padding-bottom: 0px !important;padding-left: 0px !important;border-left-style: none !important;border-right-style: none !important;border-top-style: none !important;border-bottom-style: none !important;}\u00a0\u00bb][vc_gmaps link=\u00a0\u00bb#E-8_JTNDaWZyYW1lJTIwc3JjJTNEJTIyaHR0cHMlM0ElMkYlMkZ3d3cuZ29vZ2xlLmNvbSUyRm1hcHMlMkZlbWJlZCUzRnBiJTNEJTIxMW0xOCUyMTFtMTIlMjExbTMlMjExZDI2NTMuNDUwOTQzMzYwNDkzJTIxMmQ2LjM5NDM1MzIlMjEzZDQ4LjMxMzQxMDM5OTk5OTk5NSUyMTJtMyUyMTFmMCUyMTJmMCUyMTNmMCUyMTNtMiUyMTFpMTAyNCUyMTJpNzY4JTIxNGYxMy4xJTIxM20zJTIxMW0yJTIxMXMweDQ3OTM3NmJjZmUxMjc1YTUlMjUzQTB4NmVmNDhiZDc2NTY4N2FmMyUyMTJzMTYlMjUyMFJ1ZSUyNTIwUGF1bCUyNTIwUmljaGFyZCUyNTJDJTI1MjA4ODMzMCUyNTIwQ2glMjVDMyUyNUEydGVsLXN1ci1Nb3NlbGxlJTI1MkMlMjUyMEZyYW5jZSUyMTVlMCUyMTNtMiUyMTFzZnIlMjEyc2VzJTIxNHYxNjgzNzUyMzU3OTE5JTIxNW0yJTIxMXNmciUyMTJzZXMlMjIlMjB3aWR0aCUzRCUyMjYwMCUyMiUyMGhlaWdodCUzRCUyMjQ1MCUyMiUyMHN0eWxlJTNEJTIyYm9yZGVyJTNBMCUzQiUyMiUyMGFsbG93ZnVsbHNjcmVlbiUzRCUyMiUyMiUyMGxvYWRpbmclM0QlMjJsYXp5JTIyJTIwcmVmZXJyZXJwb2xpY3klM0QlMjJuby1yZWZlcnJlci13aGVuLWRvd25ncmFkZSUyMiUzRSUzQyUyRmlmcmFtZSUzRQ==\u00a0\u00bb size=\u00a0\u00bb450&Prime; css_animation=\u00a0\u00bbnone\u00a0\u00bb css=\u00a0\u00bb.vc_custom_1683760375518{margin-top: 0px !important;margin-right: 0px !important;margin-bottom: 0px !important;margin-left: 0px !important;border-top-width: 0px !important;border-right-width: 0px !important;border-bottom-width: 0px !important;border-left-width: 0px !important;padding-top: 0px !important;padding-right: 0px !important;padding-bottom: 0px !important;padding-left: 0px !important;border-left-style: none !important;border-right-style: none !important;border-top-style: none !important;border-bottom-style: none !important;}\u00a0\u00bb][\/vc_column][\/vc_row][vc_row css=\u00a0\u00bb.vc_custom_1692857074567{margin-top: 10px !important;margin-bottom: 30px !important;}\u00a0\u00bb][vc_column width=\u00a0\u00bb1\/3&Prime; css=\u00a0\u00bb.vc_custom_1692857019982{margin-top: -50px !important;margin-bottom: 20px !important;padding-top: 40px !important;padding-right: 40px !important;padding-bottom: 40px !important;padding-left: 40px !important;background: #cd291d url(https:\/\/mljv7i4bi0u5.i.optimole.com\/w:auto\/h:auto\/q:mauto\/f:best\/http:\/\/www.baphomet.fr\/wp-content\/uploads\/2016\/12\/home-element-1-2.jpg?id=3644) !important;}\u00a0\u00bb offset=\u00a0\u00bbvc_col-lg-3&Prime;][vc_custom_heading text=\u00a0\u00bbNos coordonn\u00e9es\u00a0\u00bb font_container=\u00a0\u00bbtag:h3|font_size:24|text_align:left|color:%23ffffff\u00a0\u00bb use_theme_fonts=\u00a0\u00bbyes\u00a0\u00bb][vc_column_text css=\u00a0\u00bb.vc_custom_1683754384195{margin-bottom: 0px !important;}\u00a0\u00bb]<span style=\"color: #ffffff;\">Vous avez une question, une h\u00e9sitation ? N&rsquo;h\u00e9sitez pas \u00e0 nous contacter, toute l&rsquo;\u00e9quipe de l&rsquo;Office Notarial Jean-Yves Gall est \u00e0 votre \u00e9coute.<\/span>[\/vc_column_text][cmsms_icon_box icon=\u00a0\u00bbTheme-Default-Icons-globe-alt-2&Prime; title_tag=\u00a0\u00bbh2&Prime; subtitle_tag=\u00a0\u00bbp\u00a0\u00bb uniqid=\u00a0\u00bbcmsms_shcd_661ea7f3d69ca2_31349334&Prime; custom_typography=\u00a0\u00bbtrue\u00a0\u00bb box_settings=\u00a0\u00bbtrue\u00a0\u00bb subtitle=\u00a0\u00bbetudegall-chatel.notaires.fr\u00a0\u00bb title_font_family=\u00a0\u00bbfont_family:|font_call:\u00a0\u00bb subtitle_color=\u00a0\u00bb#ffffff\u00a0\u00bb subtitle_color_hover=\u00a0\u00bbrgba(255,255,255,0.7)\u00a0\u00bb box_bg_color=\u00a0\u00bbrgba(255,255,255,0.01)\u00a0\u00bb box_bd_color=\u00a0\u00bbrgba(255,255,255,0.01)\u00a0\u00bb icon_size=\u00a0\u00bb16&Prime; icon_padding=\u00a0\u00bb10&Prime; icon_border=\u00a0\u00bb0&Prime; icon_gap=\u00a0\u00bb0&Prime; icon_color=\u00a0\u00bb#ffffff\u00a0\u00bb icon_color_hover=\u00a0\u00bbrgba(255,255,255,0.7)\u00a0\u00bb css=\u00a0\u00bb.vc_custom_1713285169843{margin-top: 25px !important;margin-bottom: 0px !important;}\u00a0\u00bb link=\u00a0\u00bburl:%2F|title:etudegall-chatel.notaires.fr\u00a0\u00bb][cmsms_icon_box icon=\u00a0\u00bbTheme-Default-Icons-mail-3&Prime; title_tag=\u00a0\u00bbh2&Prime; subtitle_tag=\u00a0\u00bbp\u00a0\u00bb uniqid=\u00a0\u00bbcmsms_shcd_661ea83b55bfc8_40194198&Prime; custom_typography=\u00a0\u00bbtrue\u00a0\u00bb box_settings=\u00a0\u00bbtrue\u00a0\u00bb subtitle=\u00a0\u00bbjy.gall@notaires.fr\u00a0\u00bb title_font_family=\u00a0\u00bbfont_family:|font_call:\u00a0\u00bb link=\u00a0\u00bburl:mailto%3Ajy.gall%40notaires.fr|title:jy.gall%40notaires.fr\u00a0\u00bb subtitle_color=\u00a0\u00bb#ffffff\u00a0\u00bb subtitle_color_hover=\u00a0\u00bbrgba(255,255,255,0.7)\u00a0\u00bb box_bg_color=\u00a0\u00bbrgba(255,255,255,0.01)\u00a0\u00bb box_bd_color=\u00a0\u00bbrgba(255,255,255,0.01)\u00a0\u00bb icon_size=\u00a0\u00bb16&Prime; icon_padding=\u00a0\u00bb10&Prime; icon_border=\u00a0\u00bb0&Prime; icon_gap=\u00a0\u00bb0&Prime; icon_color=\u00a0\u00bb#ffffff\u00a0\u00bb icon_color_hover=\u00a0\u00bbrgba(255,255,255,0.7)\u00a0\u00bb css=\u00a0\u00bb.vc_custom_1713285222153{margin-top: 0px !important;margin-bottom: 0px !important;}\u00a0\u00bb][cmsms_icon_box icon=\u00a0\u00bbTheme-Default-Icons-phone-4&Prime; title_tag=\u00a0\u00bbh2&Prime; subtitle_tag=\u00a0\u00bbp\u00a0\u00bb uniqid=\u00a0\u00bbcmsms_shcd_645c0e401635e1_76321287&Prime; custom_typography=\u00a0\u00bbtrue\u00a0\u00bb box_settings=\u00a0\u00bbtrue\u00a0\u00bb subtitle=\u00a0\u00bb03 29 67 90 31&Prime; title_font_family=\u00a0\u00bbfont_family:|font_call:\u00a0\u00bb link=\u00a0\u00bb|||\u00a0\u00bb subtitle_color=\u00a0\u00bb#ffffff\u00a0\u00bb box_bg_color=\u00a0\u00bbrgba(255,255,255,0.01)\u00a0\u00bb box_bd_color=\u00a0\u00bbrgba(255,255,255,0.01)\u00a0\u00bb icon_size=\u00a0\u00bb16&Prime; icon_padding=\u00a0\u00bb10&Prime; icon_border=\u00a0\u00bb0&Prime; icon_gap=\u00a0\u00bb0&Prime; icon_color=\u00a0\u00bb#ffffff\u00a0\u00bb css=\u00a0\u00bb.vc_custom_1683754589986{margin-top: 0px !important;margin-bottom: 0px !important;}\u00a0\u00bb][cmsms_icon_box icon=\u00a0\u00bbTheme-Default-Icons-location-3&Prime; title_tag=\u00a0\u00bbh2&Prime; subtitle_tag=\u00a0\u00bbp\u00a0\u00bb uniqid=\u00a0\u00bbcmsms_shcd_645c0fe1c74994_98826197&Prime; custom_typography=\u00a0\u00bbtrue\u00a0\u00bb box_settings=\u00a0\u00bbtrue\u00a0\u00bb subtitle=\u00a0\u00bb16 rue Paul Richard, 88330 Ch\u00e2tel-sur-Moselle\u00a0\u00bb title_font_family=\u00a0\u00bbfont_family:|font_call:\u00a0\u00bb link=\u00a0\u00bb|||\u00a0\u00bb subtitle_color=\u00a0\u00bb#ffffff\u00a0\u00bb box_bg_color=\u00a0\u00bbrgba(255,255,255,0.01)\u00a0\u00bb box_bd_color=\u00a0\u00bbrgba(255,255,255,0.01)\u00a0\u00bb icon_size=\u00a0\u00bb16&Prime; icon_padding=\u00a0\u00bb10&Prime; icon_border=\u00a0\u00bb0&Prime; icon_gap=\u00a0\u00bb0&Prime; icon_color=\u00a0\u00bb#ffffff\u00a0\u00bb css=\u00a0\u00bb.vc_custom_1683754985801{margin-top: 0px !important;margin-bottom: 0px !important;}\u00a0\u00bb][\/vc_column][vc_column width=\u00a0\u00bb2\/3&Prime; css=\u00a0\u00bb.vc_custom_1519641697173{margin-top: 30px !important;border-top-width: 0px !important;padding-top: 0px !important;padding-right: 60px !important;padding-left: 60px !important;}\u00a0\u00bb offset=\u00a0\u00bbvc_col-lg-9&Prime;][vc_custom_heading text=\u00a0\u00bbContactez-nous\u00a0\u00bb font_container=\u00a0\u00bbtag:h2|font_size:22px|text_align:left|line_height:30px\u00a0\u00bb use_theme_fonts=\u00a0\u00bbyes\u00a0\u00bb css=\u00a0\u00bb.vc_custom_1683752929275{padding-bottom: 0px !important;}\u00a0\u00bb]\n<div class=\"wpcf7 no-js\" id=\"wpcf7-f4751-o1\" lang=\"en-US\" dir=\"ltr\">\n<div class=\"screen-reader-response\"><p role=\"status\" aria-live=\"polite\" aria-atomic=\"true\"><\/p> <ul><\/ul><\/div>\n<form action=\"\/wp-json\/wp\/v2\/pages\/4035#wpcf7-f4751-o1\" method=\"post\" class=\"wpcf7-form init\" aria-label=\"Contact form\" novalidate=\"novalidate\" data-status=\"init\">\n<div style=\"display: none;\">\n<input type=\"hidden\" name=\"_wpcf7\" value=\"4751\" \/>\n<input type=\"hidden\" name=\"_wpcf7_version\" value=\"5.9.5\" \/>\n<input type=\"hidden\" name=\"_wpcf7_locale\" value=\"en_US\" \/>\n<input type=\"hidden\" name=\"_wpcf7_unit_tag\" value=\"wpcf7-f4751-o1\" \/>\n<input type=\"hidden\" name=\"_wpcf7_container_post\" value=\"0\" \/>\n<input type=\"hidden\" name=\"_wpcf7_posted_data_hash\" value=\"\" \/>\n<input type=\"hidden\" name=\"_wpcf7_recaptcha_response\" value=\"\" \/>\n<\/div>\n<div class=\"cmsms_form\">\n\t<div class=\"cmsms_form_third\">\n\t\t<p><span class=\"wpcf7-form-control-wrap\" data-name=\"your-name\"><input size=\"40\" class=\"wpcf7-form-control wpcf7-text wpcf7-validates-as-required\" aria-required=\"true\" aria-invalid=\"false\" placeholder=\"Nom\" value=\"\" type=\"text\" name=\"your-name\" \/><\/span>\n\t\t<\/p>\n\t<\/div>\n\t<div class=\"cmsms_form_third\">\n\t\t<p><span class=\"wpcf7-form-control-wrap\" data-name=\"your-email\"><input size=\"40\" class=\"wpcf7-form-control wpcf7-email wpcf7-validates-as-required wpcf7-text wpcf7-validates-as-email\" aria-required=\"true\" aria-invalid=\"false\" placeholder=\"E-mail\" value=\"\" type=\"email\" name=\"your-email\" \/><\/span>\n\t\t<\/p>\n\t<\/div>\n\t<div class=\"cmsms_form_third\">\n\t\t<p><span class=\"wpcf7-form-control-wrap\" data-name=\"your-subject\"><input size=\"40\" class=\"wpcf7-form-control wpcf7-text wpcf7-validates-as-required\" aria-required=\"true\" aria-invalid=\"false\" placeholder=\"Objet\" value=\"\" type=\"text\" name=\"your-subject\" \/><\/span>\n\t\t<\/p>\n\t<\/div>\n\t<div class=\"cmsms_form_full\">\n\t\t<p><span class=\"wpcf7-form-control-wrap\" data-name=\"your-message\"><textarea cols=\"40\" rows=\"10\" class=\"wpcf7-form-control wpcf7-textarea\" aria-invalid=\"false\" placeholder=\"Votre message\" name=\"your-message\"><\/textarea><\/span>\n\t\t<\/p>\n\t<\/div>\n\t<div class=\"cmsms_form_full\">\n\t\t<p><input class=\"wpcf7-form-control wpcf7-submit has-spinner\" type=\"submit\" value=\"Envoyer\" \/>\n\t\t<\/p>\n\t<\/div>\n<\/div><p style=\"display: none !important;\" class=\"akismet-fields-container\" data-prefix=\"_wpcf7_ak_\"><label>&#916;<textarea name=\"_wpcf7_ak_hp_textarea\" cols=\"45\" rows=\"8\" maxlength=\"100\"><\/textarea><\/label><input type=\"hidden\" id=\"ak_js_1\" name=\"_wpcf7_ak_js\" value=\"27\"\/><script type=\"text\/javascript\">\n\/* <![CDATA[ *\/\ndocument.getElementById( \"ak_js_1\" ).setAttribute( \"value\", ( new Date() ).getTime() );\n\/* ]]> *\/\n<\/script>\n<\/p><div class=\"wpcf7-response-output\" aria-hidden=\"true\"><\/div>\n<\/form>\n<\/div>\n[\/vc_column][\/vc_row][vc_row][vc_column][vc_separator][\/vc_column][\/vc_row][vc_section css=\u00a0\u00bb.vc_custom_1692857152174{padding-top: 10px !important;}\u00a0\u00bb][vc_row][vc_column width=\u00a0\u00bb1\/2&Prime;][vc_single_image image=\u00a0\u00bb8773&Prime; img_size=\u00a0\u00bbfull\u00a0\u00bb][\/vc_column][vc_column width=\u00a0\u00bb1\/2&Prime;][vc_custom_heading text=\u00a0\u00bbCh\u00e2tel-sur-Moselle\u00a0\u00bb font_container=\u00a0\u00bbtag:h2|font_size:22px|text_align:left|line_height:30px\u00a0\u00bb use_theme_fonts=\u00a0\u00bbyes\u00a0\u00bb][vc_column_text]Situ\u00e9e dans les anciens locaux de l\u2019office Cunrath, l\u2019\u00e9tude de Ma\u00eetre Jean-Yves Gall est implant\u00e9e dans le c\u0153ur historique de Ch\u00e2tel-sur-Moselle. Une commune c\u00e9l\u00e8bre pour sa forteresse, \u00e9difi\u00e9e au Moyen \u00c2ge. Les vestiges de ce ch\u00e2teau mill\u00e9naire, notamment les anciens remparts, se trouvent \u00e0 proximit\u00e9 de l\u2019\u00e9tude.<\/p>\n<p>De nos jours, Ch\u00e2tel-sur-Moselle b\u00e9n\u00e9ficie d\u2019un emplacement de choix : accessible depuis la Nationale 57, ainsi que par la gare de Ch\u00e2tel-Nomexy, la commune peut \u00eatre rejointe en 40 minutes depuis Nancy et en 15 depuis \u00c9pinal. Elle se situe dans la r\u00e9gion d\u2019activit\u00e9 dite du \u00ab sillon mosellan \u00bb, qui concentre de nombreuses entreprises industrielles lorraines. Accueillant les embouchures de l\u2019Avi\u00e8re et du Durbion, le territoire local est particuli\u00e8rement li\u00e9 \u00e0 la rive droite de la Moselle.[\/vc_column_text][\/vc_column][vc_column][\/vc_column][\/vc_row][\/vc_section]<\/p>\n","protected":false},"excerpt":{"rendered":"<p>[vc_row full_width=\u00a0\u00bbstretch_row_content_no_spaces\u00a0\u00bb css=\u00a0\u00bb.vc_custom_1519121501343{margin-top: 0px !important;margin-right: 0px !important;margin-bottom: 0px !important;margin-left: 0px !important;border-top-width: 0px !important;border-right-width: 0px !important;border-bottom-width: 0px !important;border-left-width: 0px !important;padding-top: 0px !important;padding-right: 0px !important;padding-bottom: 0px !important;padding-left: 0px !important;border-left-style: none !important;border-right-style: none !important;border-top-style: none !important;border-bottom-style: none !important;}\u00a0\u00bb][vc_column css=\u00a0\u00bb.vc_custom_1519117916998{margin-top: 0px !important;margin-right: 0px !important;margin-bottom: 0px !important;margin-left: 0px !important;border-top-width: 0px !important;border-right-width: 0px !important;border-bottom-width: 0px !important;border-left-width: 0px !important;padding-top: 0px !important;padding-right: 0px&#8230;<\/p>\n","protected":false},"author":1,"featured_media":0,"parent":0,"menu_order":0,"comment_status":"closed","ping_status":"closed","template":"","meta":{"_themeisle_gutenberg_block_has_review":false,"footnotes":""},"class_list":["post-4035","page","type-page","status-publish","hentry"],"yoast_head":"<!-- This site is optimized with the Yoast SEO plugin v24.8.1 - https:\/\/yoast.com\/wordpress\/plugins\/seo\/ -->\n<title>Contact - Office Notarial Jean-Yves Gall<\/title>\n<meta name=\"robots\" content=\"index, follow, max-snippet:-1, max-image-preview:large, max-video-preview:-1\" \/>\n<link rel=\"canonical\" href=\"http:\/\/192.168.1.18\/contact\/\" \/>\n<meta property=\"og:locale\" content=\"fr_FR\" \/>\n<meta property=\"og:type\" content=\"article\" \/>\n<meta property=\"og:title\" content=\"Contact - Office Notarial Jean-Yves Gall\" \/>\n<meta property=\"og:description\" content=\"[vc_row full_width=\u00a0\u00bbstretch_row_content_no_spaces\u00a0\u00bb css=\u00a0\u00bb.vc_custom_1519121501343{margin-top: 0px !important;margin-right: 0px !important;margin-bottom: 0px !important;margin-left: 0px !important;border-top-width: 0px !important;border-right-width: 0px !important;border-bottom-width: 0px !important;border-left-width: 0px !important;padding-top: 0px !important;padding-right: 0px !important;padding-bottom: 0px !important;padding-left: 0px !important;border-left-style: none !important;border-right-style: none !important;border-top-style: none !important;border-bottom-style: none !important;}\u00a0\u00bb][vc_column css=\u00a0\u00bb.vc_custom_1519117916998{margin-top: 0px !important;margin-right: 0px !important;margin-bottom: 0px !important;margin-left: 0px !important;border-top-width: 0px !important;border-right-width: 0px !important;border-bottom-width: 0px !important;border-left-width: 0px !important;padding-top: 0px !important;padding-right: 0px...\" \/>\n<meta property=\"og:url\" content=\"http:\/\/192.168.1.18\/contact\/\" \/>\n<meta property=\"og:site_name\" content=\"Office Notarial Jean-Yves Gall\" \/>\n<meta property=\"article:modified_time\" content=\"2024-04-16T16:33:46+00:00\" \/>\n<meta property=\"og:image\" content=\"https:\/\/mljv7i4bi0u5.i.optimole.com\/w:auto\/h:auto\/q:mauto\/f:best\/http:\/\/192.168.1.18\/wp-content\/uploads\/2023\/08\/notaire-jean-yves-gall-generique.jpg\" \/>\n\t<meta property=\"og:image:width\" content=\"1200\" \/>\n\t<meta property=\"og:image:height\" content=\"675\" \/>\n\t<meta property=\"og:image:type\" content=\"image\/jpeg\" \/>\n<meta name=\"twitter:card\" content=\"summary_large_image\" \/>\n<meta name=\"twitter:label1\" content=\"Dur\u00e9e de lecture estim\u00e9e\" \/>\n\t<meta name=\"twitter:data1\" content=\"3 minutes\" \/>\n<script type=\"application\/ld+json\" class=\"yoast-schema-graph\">{\"@context\":\"https:\/\/schema.org\",\"@graph\":[{\"@type\":\"WebPage\",\"@id\":\"http:\/\/192.168.1.18\/contact\/\",\"url\":\"http:\/\/192.168.1.18\/contact\/\",\"name\":\"Contact - Office Notarial Jean-Yves Gall\",\"isPartOf\":{\"@id\":\"http:\/\/192.168.1.18\/#website\"},\"datePublished\":\"2023-05-10T11:23:09+00:00\",\"dateModified\":\"2024-04-16T16:33:46+00:00\",\"breadcrumb\":{\"@id\":\"http:\/\/192.168.1.18\/contact\/#breadcrumb\"},\"inLanguage\":\"fr-FR\",\"potentialAction\":[{\"@type\":\"ReadAction\",\"target\":[\"http:\/\/192.168.1.18\/contact\/\"]}]},{\"@type\":\"BreadcrumbList\",\"@id\":\"http:\/\/192.168.1.18\/contact\/#breadcrumb\",\"itemListElement\":[{\"@type\":\"ListItem\",\"position\":1,\"name\":\"Home\",\"item\":\"http:\/\/192.168.1.18\/\"},{\"@type\":\"ListItem\",\"position\":2,\"name\":\"Contact\"}]},{\"@type\":\"WebSite\",\"@id\":\"http:\/\/192.168.1.18\/#website\",\"url\":\"http:\/\/192.168.1.18\/\",\"name\":\"Office Notarial Jean-Yves Gall\",\"description\":\"\",\"publisher\":{\"@id\":\"http:\/\/192.168.1.18\/#organization\"},\"potentialAction\":[{\"@type\":\"SearchAction\",\"target\":{\"@type\":\"EntryPoint\",\"urlTemplate\":\"http:\/\/192.168.1.18\/?s={search_term_string}\"},\"query-input\":{\"@type\":\"PropertyValueSpecification\",\"valueRequired\":true,\"valueName\":\"search_term_string\"}}],\"inLanguage\":\"fr-FR\"},{\"@type\":\"Organization\",\"@id\":\"http:\/\/192.168.1.18\/#organization\",\"name\":\"Office Notarial Jean-Yves Gall - Ch\u00e2tel-sur-Moselle\",\"alternateName\":\"Etude Jean-Yves Gall\",\"url\":\"http:\/\/192.168.1.18\/\",\"logo\":{\"@type\":\"ImageObject\",\"inLanguage\":\"fr-FR\",\"@id\":\"http:\/\/192.168.1.18\/#\/schema\/logo\/image\/\",\"url\":\"https:\/\/mljv7i4bi0u5.i.optimole.com\/w:auto\/h:auto\/q:mauto\/f:best\/http:\/\/www.baphomet.fr\/wp-content\/uploads\/2023\/05\/cropped-favicon-jean-yves-gall-notaire.png\",\"contentUrl\":\"https:\/\/mljv7i4bi0u5.i.optimole.com\/w:auto\/h:auto\/q:mauto\/f:best\/http:\/\/www.baphomet.fr\/wp-content\/uploads\/2023\/05\/cropped-favicon-jean-yves-gall-notaire.png\",\"width\":512,\"height\":512,\"caption\":\"Office Notarial Jean-Yves Gall - Ch\u00e2tel-sur-Moselle\"},\"image\":{\"@id\":\"http:\/\/192.168.1.18\/#\/schema\/logo\/image\/\"}}]}<\/script>\n<!-- \/ Yoast SEO plugin. -->","yoast_head_json":{"title":"Contact - Office Notarial Jean-Yves Gall","robots":{"index":"index","follow":"follow","max-snippet":"max-snippet:-1","max-image-preview":"max-image-preview:large","max-video-preview":"max-video-preview:-1"},"canonical":"http:\/\/192.168.1.18\/contact\/","og_locale":"fr_FR","og_type":"article","og_title":"Contact - Office Notarial Jean-Yves Gall","og_description":"[vc_row full_width=\u00a0\u00bbstretch_row_content_no_spaces\u00a0\u00bb css=\u00a0\u00bb.vc_custom_1519121501343{margin-top: 0px !important;margin-right: 0px !important;margin-bottom: 0px !important;margin-left: 0px !important;border-top-width: 0px !important;border-right-width: 0px !important;border-bottom-width: 0px !important;border-left-width: 0px !important;padding-top: 0px !important;padding-right: 0px !important;padding-bottom: 0px !important;padding-left: 0px !important;border-left-style: none !important;border-right-style: none !important;border-top-style: none !important;border-bottom-style: none !important;}\u00a0\u00bb][vc_column css=\u00a0\u00bb.vc_custom_1519117916998{margin-top: 0px !important;margin-right: 0px !important;margin-bottom: 0px !important;margin-left: 0px !important;border-top-width: 0px !important;border-right-width: 0px !important;border-bottom-width: 0px !important;border-left-width: 0px !important;padding-top: 0px !important;padding-right: 0px...","og_url":"http:\/\/192.168.1.18\/contact\/","og_site_name":"Office Notarial Jean-Yves Gall","article_modified_time":"2024-04-16T16:33:46+00:00","og_image":[{"width":1200,"height":675,"url":"https:\/\/mljv7i4bi0u5.i.optimole.com\/w:auto\/h:auto\/q:mauto\/f:best\/http:\/\/192.168.1.18\/wp-content\/uploads\/2023\/08\/notaire-jean-yves-gall-generique.jpg","type":"image\/jpeg"}],"twitter_card":"summary_large_image","twitter_misc":{"Dur\u00e9e de lecture estim\u00e9e":"3 minutes"},"schema":{"@context":"https:\/\/schema.org","@graph":[{"@type":"WebPage","@id":"http:\/\/192.168.1.18\/contact\/","url":"http:\/\/192.168.1.18\/contact\/","name":"Contact - Office Notarial Jean-Yves Gall","isPartOf":{"@id":"http:\/\/192.168.1.18\/#website"},"datePublished":"2023-05-10T11:23:09+00:00","dateModified":"2024-04-16T16:33:46+00:00","breadcrumb":{"@id":"http:\/\/192.168.1.18\/contact\/#breadcrumb"},"inLanguage":"fr-FR","potentialAction":[{"@type":"ReadAction","target":["http:\/\/192.168.1.18\/contact\/"]}]},{"@type":"BreadcrumbList","@id":"http:\/\/192.168.1.18\/contact\/#breadcrumb","itemListElement":[{"@type":"ListItem","position":1,"name":"Home","item":"http:\/\/192.168.1.18\/"},{"@type":"ListItem","position":2,"name":"Contact"}]},{"@type":"WebSite","@id":"http:\/\/192.168.1.18\/#website","url":"http:\/\/192.168.1.18\/","name":"Office Notarial Jean-Yves Gall","description":"","publisher":{"@id":"http:\/\/192.168.1.18\/#organization"},"potentialAction":[{"@type":"SearchAction","target":{"@type":"EntryPoint","urlTemplate":"http:\/\/192.168.1.18\/?s={search_term_string}"},"query-input":{"@type":"PropertyValueSpecification","valueRequired":true,"valueName":"search_term_string"}}],"inLanguage":"fr-FR"},{"@type":"Organization","@id":"http:\/\/192.168.1.18\/#organization","name":"Office Notarial Jean-Yves Gall - Ch\u00e2tel-sur-Moselle","alternateName":"Etude Jean-Yves Gall","url":"http:\/\/192.168.1.18\/","logo":{"@type":"ImageObject","inLanguage":"fr-FR","@id":"http:\/\/192.168.1.18\/#\/schema\/logo\/image\/","url":"https:\/\/mljv7i4bi0u5.i.optimole.com\/w:auto\/h:auto\/q:mauto\/f:best\/http:\/\/www.baphomet.fr\/wp-content\/uploads\/2023\/05\/cropped-favicon-jean-yves-gall-notaire.png","contentUrl":"https:\/\/mljv7i4bi0u5.i.optimole.com\/w:auto\/h:auto\/q:mauto\/f:best\/http:\/\/www.baphomet.fr\/wp-content\/uploads\/2023\/05\/cropped-favicon-jean-yves-gall-notaire.png","width":512,"height":512,"caption":"Office Notarial Jean-Yves Gall - Ch\u00e2tel-sur-Moselle"},"image":{"@id":"http:\/\/192.168.1.18\/#\/schema\/logo\/image\/"}}]}},"_links":{"self":[{"href":"http:\/\/192.168.1.18\/wp-json\/wp\/v2\/pages\/4035","targetHints":{"allow":["GET"]}}],"collection":[{"href":"http:\/\/192.168.1.18\/wp-json\/wp\/v2\/pages"}],"about":[{"href":"http:\/\/192.168.1.18\/wp-json\/wp\/v2\/types\/page"}],"author":[{"embeddable":true,"href":"http:\/\/192.168.1.18\/wp-json\/wp\/v2\/users\/1"}],"replies":[{"embeddable":true,"href":"http:\/\/192.168.1.18\/wp-json\/wp\/v2\/comments?post=4035"}],"version-history":[{"count":28,"href":"http:\/\/192.168.1.18\/wp-json\/wp\/v2\/pages\/4035\/revisions"}],"predecessor-version":[{"id":9080,"href":"http:\/\/192.168.1.18\/wp-json\/wp\/v2\/pages\/4035\/revisions\/9080"}],"wp:attachment":[{"href":"http:\/\/192.168.1.18\/wp-json\/wp\/v2\/media?parent=4035"}],"curies":[{"name":"wp","href":"https:\/\/api.w.org\/{rel}","templated":true}]}}