{"id":4386,"date":"2017-01-10T14:47:28","date_gmt":"2017-01-10T14:47:28","guid":{"rendered":"http:\/\/attorney-at-law.cmsmasters.net\/?page_id=4386"},"modified":"2024-04-23T17:30:54","modified_gmt":"2024-04-23T15:30:54","slug":"jean-yves-gall","status":"publish","type":"page","link":"http:\/\/192.168.1.18\/jean-yves-gall\/","title":{"rendered":"Ma\u00eetre Jean-Yves Gall &#8211; notaire \u00e0 Ch\u00e2tel-sur-Moselle"},"content":{"rendered":"<style type=\"text\/css\" data-type=\"vc_cmsms_shortcodes-custom-css\"><\/style><p>[vc_row css=\u00a0\u00bb.vc_custom_1523972564928{padding-top: 70px !important;padding-bottom: 10px !important;}\u00a0\u00bb][vc_column css=\u00a0\u00bb.vc_custom_1523972438973{margin-bottom: 0px !important;}\u00a0\u00bb][vc_custom_heading text=\u00a0\u00bbMa\u00eetre Jean-Yves Gall\u00a0\u00bb use_theme_fonts=\u00a0\u00bbyes\u00a0\u00bb css=\u00a0\u00bb.vc_custom_1693256991570{margin-bottom: 0px !important;padding-bottom: 0px !important;}\u00a0\u00bb][vc_custom_heading text=\u00a0\u00bbNotaire \u00e0 Ch\u00e2tel-sur-Moselle\u00a0\u00bb font_container=\u00a0\u00bbtag:h2|font_size:14|text_align:left|color:%23c93126&Prime; use_theme_fonts=\u00a0\u00bbyes\u00a0\u00bb css=\u00a0\u00bb.vc_custom_1693257003347{margin-top: 0px !important;margin-bottom: 0px !important;padding-bottom: 0px !important;}\u00a0\u00bb][\/vc_column][\/vc_row][vc_row gap=\u00a0\u00bb35&Prime; css=\u00a0\u00bb.vc_custom_1523976294937{margin-top: 0px !important;padding-top: 0px !important;padding-bottom: 30px !important;}\u00a0\u00bb][vc_column width=\u00a0\u00bb2\/3&Prime; css=\u00a0\u00bb.vc_custom_1523972492860{margin-top: 0px !important;padding-top: 0px !important;}\u00a0\u00bb][vc_single_image image=\u00a0\u00bb8929&Prime; img_size=\u00a0\u00bbfull\u00a0\u00bb alignment=\u00a0\u00bbcenter\u00a0\u00bb][vc_column_text]<\/p>\n<h2>Un notaire de proximit\u00e9 au centre du d\u00e9partement des Vosges<\/h2>\n<p>Dipl\u00f4m\u00e9 du CFPN de Nancy en 2012, Jean-Yves Gall effectue un v\u00e9ritable retour aux sources en 2023, en succ\u00e9dant \u00e0 ma\u00eetre Cunrath. Apr\u00e8s avoir travaill\u00e9 \u00e0 Nancy, dans l\u2019est des Vosges et en Haute-Marne, il a en effet choisi de s\u2019implanter dans l\u2019aire g\u00e9ographique qu\u2019il conna\u00eet le mieux, \u00e0 savoir l\u2019ancien canton de Ch\u00e2tel o\u00f9 il a lui-m\u00eame grandi.<\/p>\n<p>Ce choix du c\u0153ur correspond aussi \u00e0 une volont\u00e9 d\u2019accompagner un territoire o\u00f9 se m\u00ealent ruralit\u00e9 et industrie, zones urbaines dynamiques et sites patrimoniaux pr\u00e9serv\u00e9s. Au c\u0153ur du sillon mosellan, \u00e0 proximit\u00e9 de Nancy et d\u2019\u00c9pinal, l\u2019\u00e9tude de Ch\u00e2tel-sur-Moselle a plus d\u2019un atout pour Ma\u00eetre Gall et sa volont\u00e9 de r\u00e9pondre \u00e0 toutes les situations et de proposer ses services aussi bien aux particuliers qu\u2019aux entreprises.<\/p>\n<p>Maintenant un service public de qualit\u00e9 et un ancrage territorial \u00e0 Ch\u00e2tel-sur-Moselle, l\u2019\u00e9tude s\u2019ouvre \u00e0 l\u2019ensemble des acteurs \u00e9conomiques et aux particuliers du Sud Lorraine, et au-del\u00e0.<\/p>\n<h2>Un notaire pour tous vos projets<\/h2>\n<p>Structure \u00e0 taille humaine, l\u2019\u00e9tude notariale de Ch\u00e2tel-sur-Moselle propose un accompagnement v\u00e9ritablement personnalis\u00e9. Et ce, \u00e0 toutes les \u00e9tapes de votre vie. Adoption, contrat de mariage, <a href=\"\/droit-immobilier\/\">premier achat immobilier<\/a>, succession, <a href=\"\/gestion-patrimoine\/\">transmission du patrimoine<\/a>\u2026 Votre notaire se tient \u00e0 votre disposition \u00e0 chacun de ces passages importants. Et il en va de m\u00eame pour les personnes morales. De la r\u00e9daction d\u2019un pacte d\u2019associ\u00e9s \u00e0 une cession de fonds, en passant par la gestion du patrimoine financier et immobilier d\u2019une entreprise, Ma\u00eetre Gall suit l\u2019int\u00e9gralit\u00e9 de vos d\u00e9marches en mati\u00e8re de <a href=\"\/droit-des-affaires\/\">droit des affaires<\/a> et, le cas \u00e9ch\u00e9ant, de <a href=\"\/droit-rural\/\">droit rural<\/a>.<\/p>\n<p>Dans l\u2019ensemble de ces d\u00e9marches, l\u2019\u00e9tude notariale de Ch\u00e2tel-sur-Moselle suit et traite avec efficacit\u00e9 les aspects juridiques et fiscaux de chaque dossier. Que vous soyez \u00e0 la recherche de conseils avant investissement, d\u2019aide pour vos n\u00e9gociations immobili\u00e8res ou de recommandations en mati\u00e8re de droit de la famille, votre notaire trouvera la solution la plus adapt\u00e9e \u00e0 vos besoins, vous lib\u00e9rera des charges administratives et continuera de d\u00e9fendre et prot\u00e9ger vos int\u00e9r\u00eats tout au long de vos \u00e9volutions personnelles et professionnelles.[\/vc_column_text][\/vc_column][vc_column width=\u00a0\u00bb1\/3&Prime; css=\u00a0\u00bb.vc_custom_1484053228560{padding-left: 20px !important;}\u00a0\u00bb][vc_row_inner css=\u00a0\u00bb.vc_custom_1523976524088{border-top-width: 1px !important;border-right-width: 1px !important;border-bottom-width: 1px !important;border-left-width: 1px !important;border-left-color: #e0e0e0 !important;border-left-style: solid !important;border-right-color: #e0e0e0 !important;border-right-style: solid !important;border-top-color: #e0e0e0 !important;border-top-style: solid !important;border-bottom-color: #e0e0e0 !important;border-bottom-style: solid !important;}\u00a0\u00bb][vc_column_inner css=\u00a0\u00bb.vc_custom_1524032408983{border-top-width: 1px !important;border-right-width: 1px !important;border-bottom-width: 1px !important;border-left-width: 1px !important;padding-top: 40px !important;padding-right: 28px !important;padding-bottom: 0px !important;padding-left: 32px !important;}\u00a0\u00bb][vc_column_text css=\u00a0\u00bb.vc_custom_1692627770303{margin-bottom: 20px !important;padding-bottom: 0px !important;}\u00a0\u00bb]Pour toute question, pour tout renseignement, n&rsquo;h\u00e9sitez pas \u00e0 contacter l&rsquo;Office Notarial, nous sommes \u00e0 votre \u00e9coute ![\/vc_column_text][vc_widget_sidebar sidebar_id=\u00a0\u00bbcontacts\u00a0\u00bb][\/vc_column_inner][\/vc_row_inner][vc_btn title=\u00a0\u00bbVoir les tarifs de l&rsquo;\u00c9tude\u00a0\u00bb align=\u00a0\u00bbcenter\u00a0\u00bb uniqid=\u00a0\u00bbcmsms_shcd_65117a90ba1f32_98294828&Prime; link=\u00a0\u00bburl:%2Fwp-content%2Fuploads%2F2023%2F09%2Fetude-gall-chatel-tarifs-2023-2024.pdf|title:tarifs%20%C3%A9tude%20Jean-Yves%20Gall|target:_blank\u00a0\u00bb css=\u00a0\u00bb.vc_custom_1695644619563{margin-top: 30px !important;}\u00a0\u00bb][\/vc_column][\/vc_row][vc_row full_width=\u00a0\u00bbstretch_row\u00a0\u00bb css=\u00a0\u00bb.vc_custom_1484058709294{margin-left: 0px !important;border-top-width: 1px !important;padding-top: 40px !important;padding-bottom: 25px !important;background-color: #fbfbfb !important;border-top-color: #e0e0e0 !important;border-top-style: solid !important;}\u00a0\u00bb][vc_column][vc_row_inner][vc_column_inner width=\u00a0\u00bb3\/4&Prime;][vc_custom_heading text=\u00a0\u00bbDomaines d&rsquo;expertises\u00a0\u00bb use_theme_fonts=\u00a0\u00bbyes\u00a0\u00bb css=\u00a0\u00bb.vc_custom_1692626703249{margin-bottom: 5px !important;padding-bottom: 0px !important;}\u00a0\u00bb][vc_custom_heading text=\u00a0\u00bbdans toute la France\u00a0\u00bb font_container=\u00a0\u00bbtag:p|font_size:14|text_align:left\u00a0\u00bb use_theme_fonts=\u00a0\u00bbyes\u00a0\u00bb css=\u00a0\u00bb.vc_custom_1692626711890{margin-top: 0px !important;margin-bottom: 30px !important;padding-top: 0px !important;}\u00a0\u00bb][\/vc_column_inner][\/vc_row_inner][vc_basic_grid post_type=\u00a0\u00bbpage\u00a0\u00bb max_items=\u00a0\u00bb4&Prime; element_width=\u00a0\u00bb3&Prime; gap=\u00a0\u00bb20&Prime; item=\u00a0\u00bb2249&Prime; grid_id=\u00a0\u00bbvc_gid:1713885844276-1cedec2e-3ed0-5&Prime; exclude=\u00a0\u00bb2726, 8780&Prime;][\/vc_column][\/vc_row]<\/p>\n","protected":false},"excerpt":{"rendered":"<p>[vc_row css=\u00a0\u00bb.vc_custom_1523972564928{padding-top: 70px !important;padding-bottom: 10px !important;}\u00a0\u00bb][vc_column css=\u00a0\u00bb.vc_custom_1523972438973{margin-bottom: 0px !important;}\u00a0\u00bb][vc_custom_heading text=\u00a0\u00bbMa\u00eetre Jean-Yves Gall\u00a0\u00bb use_theme_fonts=\u00a0\u00bbyes\u00a0\u00bb css=\u00a0\u00bb.vc_custom_1693256991570{margin-bottom: 0px !important;padding-bottom: 0px !important;}\u00a0\u00bb][vc_custom_heading text=\u00a0\u00bbNotaire \u00e0 Ch\u00e2tel-sur-Moselle\u00a0\u00bb font_container=\u00a0\u00bbtag:h2|font_size:14|text_align:left|color:%23c93126&Prime; use_theme_fonts=\u00a0\u00bbyes\u00a0\u00bb css=\u00a0\u00bb.vc_custom_1693257003347{margin-top: 0px !important;margin-bottom: 0px !important;padding-bottom: 0px !important;}\u00a0\u00bb][\/vc_column][\/vc_row][vc_row gap=\u00a0\u00bb35&Prime; css=\u00a0\u00bb.vc_custom_1523976294937{margin-top: 0px !important;padding-top: 0px !important;padding-bottom: 30px !important;}\u00a0\u00bb][vc_column width=\u00a0\u00bb2\/3&Prime; css=\u00a0\u00bb.vc_custom_1523972492860{margin-top: 0px !important;padding-top: 0px !important;}\u00a0\u00bb][vc_single_image image=\u00a0\u00bb8929&Prime; img_size=\u00a0\u00bbfull\u00a0\u00bb alignment=\u00a0\u00bbcenter\u00a0\u00bb][vc_column_text] Un notaire de proximit\u00e9 au centre du d\u00e9partement&#8230;<\/p>\n","protected":false},"author":1,"featured_media":8650,"parent":0,"menu_order":0,"comment_status":"closed","ping_status":"closed","template":"","meta":{"_themeisle_gutenberg_block_has_review":false,"footnotes":""},"class_list":["post-4386","page","type-page","status-publish","has-post-thumbnail","hentry"],"yoast_head":"<!-- This site is optimized with the Yoast SEO plugin v24.8.1 - https:\/\/yoast.com\/wordpress\/plugins\/seo\/ -->\n<title>Ma\u00eetre Jean-Yves Gall - notaire \u00e0 Ch\u00e2tel-sur-Moselle - Office Notarial Jean-Yves Gall<\/title>\n<meta name=\"description\" content=\"Structure \u00e0 taille humaine, l\u2019\u00e9tude notariale de Ch\u00e2tel-sur-Moselle propose un accompagnement personnalis\u00e9 \u00e0 toutes les \u00e9tapes de votre vie.\" \/>\n<meta name=\"robots\" content=\"index, follow, max-snippet:-1, max-image-preview:large, max-video-preview:-1\" \/>\n<link rel=\"canonical\" href=\"http:\/\/192.168.1.18\/jean-yves-gall\/\" \/>\n<meta property=\"og:locale\" content=\"fr_FR\" \/>\n<meta property=\"og:type\" content=\"article\" \/>\n<meta property=\"og:title\" content=\"Ma\u00eetre Jean-Yves Gall - notaire \u00e0 Ch\u00e2tel-sur-Moselle - Office Notarial Jean-Yves Gall\" \/>\n<meta property=\"og:description\" content=\"Structure \u00e0 taille humaine, l\u2019\u00e9tude notariale de Ch\u00e2tel-sur-Moselle propose un accompagnement personnalis\u00e9 \u00e0 toutes les \u00e9tapes de votre vie.\" \/>\n<meta property=\"og:url\" content=\"http:\/\/192.168.1.18\/jean-yves-gall\/\" \/>\n<meta property=\"og:site_name\" content=\"Office Notarial Jean-Yves Gall\" \/>\n<meta property=\"article:modified_time\" content=\"2024-04-23T15:30:54+00:00\" \/>\n<meta property=\"og:image\" content=\"https:\/\/mljv7i4bi0u5.i.optimole.com\/w:auto\/h:auto\/q:mauto\/f:best\/http:\/\/192.168.1.18\/wp-content\/uploads\/2023\/08\/droit-rural-agricole-champ.jpg\" \/>\n\t<meta property=\"og:image:width\" content=\"1000\" \/>\n\t<meta property=\"og:image:height\" content=\"666\" \/>\n\t<meta property=\"og:image:type\" content=\"image\/jpeg\" \/>\n<meta name=\"twitter:card\" content=\"summary_large_image\" \/>\n<meta name=\"twitter:label1\" content=\"Dur\u00e9e de lecture estim\u00e9e\" \/>\n\t<meta name=\"twitter:data1\" content=\"4 minutes\" \/>\n<script type=\"application\/ld+json\" class=\"yoast-schema-graph\">{\"@context\":\"https:\/\/schema.org\",\"@graph\":[{\"@type\":\"WebPage\",\"@id\":\"http:\/\/192.168.1.18\/jean-yves-gall\/\",\"url\":\"http:\/\/192.168.1.18\/jean-yves-gall\/\",\"name\":\"Ma\u00eetre Jean-Yves Gall - notaire \u00e0 Ch\u00e2tel-sur-Moselle - Office Notarial Jean-Yves Gall\",\"isPartOf\":{\"@id\":\"http:\/\/192.168.1.18\/#website\"},\"primaryImageOfPage\":{\"@id\":\"http:\/\/192.168.1.18\/jean-yves-gall\/#primaryimage\"},\"image\":{\"@id\":\"http:\/\/192.168.1.18\/jean-yves-gall\/#primaryimage\"},\"thumbnailUrl\":\"https:\/\/mljv7i4bi0u5.i.optimole.com\/w:auto\/h:auto\/q:mauto\/f:best\/http:\/\/192.168.1.18\/wp-content\/uploads\/2023\/08\/droit-rural-agricole-champ.jpg\",\"datePublished\":\"2017-01-10T14:47:28+00:00\",\"dateModified\":\"2024-04-23T15:30:54+00:00\",\"description\":\"Structure \u00e0 taille humaine, l\u2019\u00e9tude notariale de Ch\u00e2tel-sur-Moselle propose un accompagnement personnalis\u00e9 \u00e0 toutes les \u00e9tapes de votre vie.\",\"breadcrumb\":{\"@id\":\"http:\/\/192.168.1.18\/jean-yves-gall\/#breadcrumb\"},\"inLanguage\":\"fr-FR\",\"potentialAction\":[{\"@type\":\"ReadAction\",\"target\":[\"http:\/\/192.168.1.18\/jean-yves-gall\/\"]}]},{\"@type\":\"ImageObject\",\"inLanguage\":\"fr-FR\",\"@id\":\"http:\/\/192.168.1.18\/jean-yves-gall\/#primaryimage\",\"url\":\"https:\/\/mljv7i4bi0u5.i.optimole.com\/w:auto\/h:auto\/q:mauto\/f:best\/http:\/\/192.168.1.18\/wp-content\/uploads\/2023\/08\/droit-rural-agricole-champ.jpg\",\"contentUrl\":\"https:\/\/mljv7i4bi0u5.i.optimole.com\/w:auto\/h:auto\/q:mauto\/f:best\/http:\/\/192.168.1.18\/wp-content\/uploads\/2023\/08\/droit-rural-agricole-champ.jpg\",\"width\":1000,\"height\":666,\"caption\":\"droit rural et agricole\"},{\"@type\":\"BreadcrumbList\",\"@id\":\"http:\/\/192.168.1.18\/jean-yves-gall\/#breadcrumb\",\"itemListElement\":[{\"@type\":\"ListItem\",\"position\":1,\"name\":\"Home\",\"item\":\"http:\/\/192.168.1.18\/\"},{\"@type\":\"ListItem\",\"position\":2,\"name\":\"Ma\u00eetre Jean-Yves Gall &#8211; notaire \u00e0 Ch\u00e2tel-sur-Moselle\"}]},{\"@type\":\"WebSite\",\"@id\":\"http:\/\/192.168.1.18\/#website\",\"url\":\"http:\/\/192.168.1.18\/\",\"name\":\"Office Notarial Jean-Yves Gall\",\"description\":\"\",\"publisher\":{\"@id\":\"http:\/\/192.168.1.18\/#organization\"},\"potentialAction\":[{\"@type\":\"SearchAction\",\"target\":{\"@type\":\"EntryPoint\",\"urlTemplate\":\"http:\/\/192.168.1.18\/?s={search_term_string}\"},\"query-input\":{\"@type\":\"PropertyValueSpecification\",\"valueRequired\":true,\"valueName\":\"search_term_string\"}}],\"inLanguage\":\"fr-FR\"},{\"@type\":\"Organization\",\"@id\":\"http:\/\/192.168.1.18\/#organization\",\"name\":\"Office Notarial Jean-Yves Gall - Ch\u00e2tel-sur-Moselle\",\"alternateName\":\"Etude Jean-Yves Gall\",\"url\":\"http:\/\/192.168.1.18\/\",\"logo\":{\"@type\":\"ImageObject\",\"inLanguage\":\"fr-FR\",\"@id\":\"http:\/\/192.168.1.18\/#\/schema\/logo\/image\/\",\"url\":\"https:\/\/mljv7i4bi0u5.i.optimole.com\/w:auto\/h:auto\/q:mauto\/f:best\/http:\/\/www.baphomet.fr\/wp-content\/uploads\/2023\/05\/cropped-favicon-jean-yves-gall-notaire.png\",\"contentUrl\":\"https:\/\/mljv7i4bi0u5.i.optimole.com\/w:auto\/h:auto\/q:mauto\/f:best\/http:\/\/www.baphomet.fr\/wp-content\/uploads\/2023\/05\/cropped-favicon-jean-yves-gall-notaire.png\",\"width\":512,\"height\":512,\"caption\":\"Office Notarial Jean-Yves Gall - Ch\u00e2tel-sur-Moselle\"},\"image\":{\"@id\":\"http:\/\/192.168.1.18\/#\/schema\/logo\/image\/\"}}]}<\/script>\n<!-- \/ Yoast SEO plugin. -->","yoast_head_json":{"title":"Ma\u00eetre Jean-Yves Gall - notaire \u00e0 Ch\u00e2tel-sur-Moselle - Office Notarial Jean-Yves Gall","description":"Structure \u00e0 taille humaine, l\u2019\u00e9tude notariale de Ch\u00e2tel-sur-Moselle propose un accompagnement personnalis\u00e9 \u00e0 toutes les \u00e9tapes de votre vie.","robots":{"index":"index","follow":"follow","max-snippet":"max-snippet:-1","max-image-preview":"max-image-preview:large","max-video-preview":"max-video-preview:-1"},"canonical":"http:\/\/192.168.1.18\/jean-yves-gall\/","og_locale":"fr_FR","og_type":"article","og_title":"Ma\u00eetre Jean-Yves Gall - notaire \u00e0 Ch\u00e2tel-sur-Moselle - Office Notarial Jean-Yves Gall","og_description":"Structure \u00e0 taille humaine, l\u2019\u00e9tude notariale de Ch\u00e2tel-sur-Moselle propose un accompagnement personnalis\u00e9 \u00e0 toutes les \u00e9tapes de votre vie.","og_url":"http:\/\/192.168.1.18\/jean-yves-gall\/","og_site_name":"Office Notarial Jean-Yves Gall","article_modified_time":"2024-04-23T15:30:54+00:00","og_image":[{"width":1000,"height":666,"url":"https:\/\/mljv7i4bi0u5.i.optimole.com\/w:auto\/h:auto\/q:mauto\/f:best\/http:\/\/192.168.1.18\/wp-content\/uploads\/2023\/08\/droit-rural-agricole-champ.jpg","type":"image\/jpeg"}],"twitter_card":"summary_large_image","twitter_misc":{"Dur\u00e9e de lecture estim\u00e9e":"4 minutes"},"schema":{"@context":"https:\/\/schema.org","@graph":[{"@type":"WebPage","@id":"http:\/\/192.168.1.18\/jean-yves-gall\/","url":"http:\/\/192.168.1.18\/jean-yves-gall\/","name":"Ma\u00eetre Jean-Yves Gall - notaire \u00e0 Ch\u00e2tel-sur-Moselle - Office Notarial Jean-Yves Gall","isPartOf":{"@id":"http:\/\/192.168.1.18\/#website"},"primaryImageOfPage":{"@id":"http:\/\/192.168.1.18\/jean-yves-gall\/#primaryimage"},"image":{"@id":"http:\/\/192.168.1.18\/jean-yves-gall\/#primaryimage"},"thumbnailUrl":"https:\/\/mljv7i4bi0u5.i.optimole.com\/w:auto\/h:auto\/q:mauto\/f:best\/http:\/\/192.168.1.18\/wp-content\/uploads\/2023\/08\/droit-rural-agricole-champ.jpg","datePublished":"2017-01-10T14:47:28+00:00","dateModified":"2024-04-23T15:30:54+00:00","description":"Structure \u00e0 taille humaine, l\u2019\u00e9tude notariale de Ch\u00e2tel-sur-Moselle propose un accompagnement personnalis\u00e9 \u00e0 toutes les \u00e9tapes de votre vie.","breadcrumb":{"@id":"http:\/\/192.168.1.18\/jean-yves-gall\/#breadcrumb"},"inLanguage":"fr-FR","potentialAction":[{"@type":"ReadAction","target":["http:\/\/192.168.1.18\/jean-yves-gall\/"]}]},{"@type":"ImageObject","inLanguage":"fr-FR","@id":"http:\/\/192.168.1.18\/jean-yves-gall\/#primaryimage","url":"https:\/\/mljv7i4bi0u5.i.optimole.com\/w:auto\/h:auto\/q:mauto\/f:best\/http:\/\/192.168.1.18\/wp-content\/uploads\/2023\/08\/droit-rural-agricole-champ.jpg","contentUrl":"https:\/\/mljv7i4bi0u5.i.optimole.com\/w:auto\/h:auto\/q:mauto\/f:best\/http:\/\/192.168.1.18\/wp-content\/uploads\/2023\/08\/droit-rural-agricole-champ.jpg","width":1000,"height":666,"caption":"droit rural et agricole"},{"@type":"BreadcrumbList","@id":"http:\/\/192.168.1.18\/jean-yves-gall\/#breadcrumb","itemListElement":[{"@type":"ListItem","position":1,"name":"Home","item":"http:\/\/192.168.1.18\/"},{"@type":"ListItem","position":2,"name":"Ma\u00eetre Jean-Yves Gall &#8211; notaire \u00e0 Ch\u00e2tel-sur-Moselle"}]},{"@type":"WebSite","@id":"http:\/\/192.168.1.18\/#website","url":"http:\/\/192.168.1.18\/","name":"Office Notarial Jean-Yves Gall","description":"","publisher":{"@id":"http:\/\/192.168.1.18\/#organization"},"potentialAction":[{"@type":"SearchAction","target":{"@type":"EntryPoint","urlTemplate":"http:\/\/192.168.1.18\/?s={search_term_string}"},"query-input":{"@type":"PropertyValueSpecification","valueRequired":true,"valueName":"search_term_string"}}],"inLanguage":"fr-FR"},{"@type":"Organization","@id":"http:\/\/192.168.1.18\/#organization","name":"Office Notarial Jean-Yves Gall - Ch\u00e2tel-sur-Moselle","alternateName":"Etude Jean-Yves Gall","url":"http:\/\/192.168.1.18\/","logo":{"@type":"ImageObject","inLanguage":"fr-FR","@id":"http:\/\/192.168.1.18\/#\/schema\/logo\/image\/","url":"https:\/\/mljv7i4bi0u5.i.optimole.com\/w:auto\/h:auto\/q:mauto\/f:best\/http:\/\/www.baphomet.fr\/wp-content\/uploads\/2023\/05\/cropped-favicon-jean-yves-gall-notaire.png","contentUrl":"https:\/\/mljv7i4bi0u5.i.optimole.com\/w:auto\/h:auto\/q:mauto\/f:best\/http:\/\/www.baphomet.fr\/wp-content\/uploads\/2023\/05\/cropped-favicon-jean-yves-gall-notaire.png","width":512,"height":512,"caption":"Office Notarial Jean-Yves Gall - Ch\u00e2tel-sur-Moselle"},"image":{"@id":"http:\/\/192.168.1.18\/#\/schema\/logo\/image\/"}}]}},"_links":{"self":[{"href":"http:\/\/192.168.1.18\/wp-json\/wp\/v2\/pages\/4386","targetHints":{"allow":["GET"]}}],"collection":[{"href":"http:\/\/192.168.1.18\/wp-json\/wp\/v2\/pages"}],"about":[{"href":"http:\/\/192.168.1.18\/wp-json\/wp\/v2\/types\/page"}],"author":[{"embeddable":true,"href":"http:\/\/192.168.1.18\/wp-json\/wp\/v2\/users\/1"}],"replies":[{"embeddable":true,"href":"http:\/\/192.168.1.18\/wp-json\/wp\/v2\/comments?post=4386"}],"version-history":[{"count":28,"href":"http:\/\/192.168.1.18\/wp-json\/wp\/v2\/pages\/4386\/revisions"}],"predecessor-version":[{"id":8642,"href":"http:\/\/192.168.1.18\/wp-json\/wp\/v2\/pages\/4386\/revisions\/8642"}],"wp:featuredmedia":[{"embeddable":true,"href":"http:\/\/192.168.1.18\/wp-json\/wp\/v2\/media\/8650"}],"wp:attachment":[{"href":"http:\/\/192.168.1.18\/wp-json\/wp\/v2\/media?parent=4386"}],"curies":[{"name":"wp","href":"https:\/\/api.w.org\/{rel}","templated":true}]}}