{"id":8613,"date":"2023-08-21T15:37:57","date_gmt":"2023-08-21T13:37:57","guid":{"rendered":"http:\/\/www.baphomet.fr\/?page_id=8613"},"modified":"2024-03-26T23:25:43","modified_gmt":"2024-03-26T22:25:43","slug":"droit-immobilier","status":"publish","type":"page","link":"http:\/\/192.168.1.18\/droit-immobilier\/","title":{"rendered":"Droit immobilier"},"content":{"rendered":"<style type=\"text\/css\" data-type=\"vc_cmsms_shortcodes-custom-css\"><\/style><p>[vc_row][vc_column][vc_single_image image=\u00a0\u00bb8658&Prime; img_size=\u00a0\u00bbfull\u00a0\u00bb alignment=\u00a0\u00bbcenter\u00a0\u00bb][vc_column_text]<\/p>\r\n<p>L\u2019un des volets les plus importants de l\u2019activit\u00e9 notariale touche au droit immobilier. En effet, le notaire a pour r\u00f4le la conservation, la r\u00e9daction et l\u2019authentification des actes ayant trait aux transactions immobili\u00e8res. C\u2019est pourquoi le passage par une \u00e9tude est obligatoire lors d\u2019une vente, mais aussi d\u2019une transmission patrimoniale d\u2019un bien immobilier (succession, partage, donation). De plus, votre notaire transmet aux acheteurs l\u2019ensemble des informations v\u00e9rifi\u00e9es concernant le bien.<\/p>\r\n\r\n<p>Que vous soyez vendeur ou acheteur, vous pouvez vous adresser \u00e0 l\u2019\u00e9tude de Ma\u00eetre Jean-Yves Gall afin d\u2019\u00eatre accompagn\u00e9 lors de vos d\u00e9marches li\u00e9es \u00e0 un bien immobilier. Votre notaire suit le processus administratif relatif \u00e0 une transaction, et vous conseille quant aux n\u00e9gociations, financements, hypoth\u00e8ques et autres modalit\u00e9s qui lui sont associ\u00e9s. Au service de vos int\u00e9r\u00eats, votre notaire utilise sa connaissance \u00e9tendue du territoire et des tendances du march\u00e9 immobilier pour vous accompagner directement et efficacement, sans interm\u00e9diaire.<\/p>\r\n\r\n<p>L\u2019\u00e9tude de Ch\u00e2tel-sur-Moselle participe \u00e9videmment \u00e0 toute consultation avant-projet afin de vous orienter vers les interlocuteurs les plus appropri\u00e9s et de vous seconder tout au long de vos d\u00e9marches en mati\u00e8re de droit immobilier.<\/p>\r\n\r\n<p>Voici nos tarifs 2023 en mati\u00e8re de n\u00e9gociation immobili\u00e8re : <a href=\"\/wp-content\/uploads\/2023\/09\/etude-gall-chatel-tarifs-2023-2024.pdf\">tarifs de l&rsquo;Office Notarial Jean-Yves Gall<\/a><\/p>\r\n\r\n<p>&nbsp;<\/p>\r\n<p>[\/vc_column_text][\/vc_column][vc_column][\/vc_column][\/vc_row]<\/p>","protected":false},"excerpt":{"rendered":"<p>[vc_row][vc_column][vc_single_image image=\u00a0\u00bb8658&Prime; img_size=\u00a0\u00bbfull\u00a0\u00bb alignment=\u00a0\u00bbcenter\u00a0\u00bb][vc_column_text] L\u2019un des volets les plus importants de l\u2019activit\u00e9 notariale touche au droit immobilier. En effet, le notaire a pour r\u00f4le la conservation, la r\u00e9daction et l\u2019authentification des actes ayant trait aux transactions immobili\u00e8res. C\u2019est pourquoi le passage par une \u00e9tude est obligatoire lors d\u2019une vente, mais aussi d\u2019une transmission patrimoniale d\u2019un&#8230;<\/p>\n","protected":false},"author":1,"featured_media":8658,"parent":0,"menu_order":0,"comment_status":"closed","ping_status":"closed","template":"","meta":{"_themeisle_gutenberg_block_has_review":false,"footnotes":""},"class_list":["post-8613","page","type-page","status-publish","has-post-thumbnail","hentry"],"yoast_head":"<!-- This site is optimized with the Yoast SEO plugin v24.8.1 - https:\/\/yoast.com\/wordpress\/plugins\/seo\/ -->\n<title>Droit immobilier - Office Notarial Jean-Yves Gall<\/title>\n<meta name=\"description\" content=\"Partout en France, l\u2019\u00e9tude de Ma\u00eetre Jean-Yves Gall vous accompagne lors de vos d\u00e9marches li\u00e9es \u00e0 l&#039;achat ou la vente d&#039;un bien immobilier.\" \/>\n<meta name=\"robots\" content=\"index, follow, max-snippet:-1, max-image-preview:large, max-video-preview:-1\" \/>\n<link rel=\"canonical\" href=\"http:\/\/192.168.1.18\/droit-immobilier\/\" \/>\n<meta property=\"og:locale\" content=\"fr_FR\" \/>\n<meta property=\"og:type\" content=\"article\" \/>\n<meta property=\"og:title\" content=\"Droit immobilier - Office Notarial Jean-Yves Gall\" \/>\n<meta property=\"og:description\" content=\"Partout en France, l\u2019\u00e9tude de Ma\u00eetre Jean-Yves Gall vous accompagne lors de vos d\u00e9marches li\u00e9es \u00e0 l&#039;achat ou la vente d&#039;un bien immobilier.\" \/>\n<meta property=\"og:url\" content=\"http:\/\/192.168.1.18\/droit-immobilier\/\" \/>\n<meta property=\"og:site_name\" content=\"Office Notarial Jean-Yves Gall\" \/>\n<meta property=\"article:modified_time\" content=\"2024-03-26T22:25:43+00:00\" \/>\n<meta property=\"og:image\" content=\"https:\/\/mljv7i4bi0u5.i.optimole.com\/w:auto\/h:auto\/q:mauto\/f:best\/http:\/\/192.168.1.18\/wp-content\/uploads\/2023\/08\/droit-immobilier-immeuble-maison-notaire.jpg\" \/>\n\t<meta property=\"og:image:width\" content=\"800\" \/>\n\t<meta property=\"og:image:height\" content=\"532\" \/>\n\t<meta property=\"og:image:type\" content=\"image\/jpeg\" \/>\n<meta name=\"twitter:card\" content=\"summary_large_image\" \/>\n<meta name=\"twitter:label1\" content=\"Dur\u00e9e de lecture estim\u00e9e\" \/>\n\t<meta name=\"twitter:data1\" content=\"2 minutes\" \/>\n<script type=\"application\/ld+json\" class=\"yoast-schema-graph\">{\"@context\":\"https:\/\/schema.org\",\"@graph\":[{\"@type\":\"WebPage\",\"@id\":\"http:\/\/192.168.1.18\/droit-immobilier\/\",\"url\":\"http:\/\/192.168.1.18\/droit-immobilier\/\",\"name\":\"Droit immobilier - Office Notarial Jean-Yves Gall\",\"isPartOf\":{\"@id\":\"http:\/\/192.168.1.18\/#website\"},\"primaryImageOfPage\":{\"@id\":\"http:\/\/192.168.1.18\/droit-immobilier\/#primaryimage\"},\"image\":{\"@id\":\"http:\/\/192.168.1.18\/droit-immobilier\/#primaryimage\"},\"thumbnailUrl\":\"https:\/\/mljv7i4bi0u5.i.optimole.com\/w:auto\/h:auto\/q:mauto\/f:best\/http:\/\/192.168.1.18\/wp-content\/uploads\/2023\/08\/droit-immobilier-immeuble-maison-notaire.jpg\",\"datePublished\":\"2023-08-21T13:37:57+00:00\",\"dateModified\":\"2024-03-26T22:25:43+00:00\",\"description\":\"Partout en France, l\u2019\u00e9tude de Ma\u00eetre Jean-Yves Gall vous accompagne lors de vos d\u00e9marches li\u00e9es \u00e0 l'achat ou la vente d'un bien immobilier.\",\"breadcrumb\":{\"@id\":\"http:\/\/192.168.1.18\/droit-immobilier\/#breadcrumb\"},\"inLanguage\":\"fr-FR\",\"potentialAction\":[{\"@type\":\"ReadAction\",\"target\":[\"http:\/\/192.168.1.18\/droit-immobilier\/\"]}]},{\"@type\":\"ImageObject\",\"inLanguage\":\"fr-FR\",\"@id\":\"http:\/\/192.168.1.18\/droit-immobilier\/#primaryimage\",\"url\":\"https:\/\/mljv7i4bi0u5.i.optimole.com\/w:auto\/h:auto\/q:mauto\/f:best\/http:\/\/192.168.1.18\/wp-content\/uploads\/2023\/08\/droit-immobilier-immeuble-maison-notaire.jpg\",\"contentUrl\":\"https:\/\/mljv7i4bi0u5.i.optimole.com\/w:auto\/h:auto\/q:mauto\/f:best\/http:\/\/192.168.1.18\/wp-content\/uploads\/2023\/08\/droit-immobilier-immeuble-maison-notaire.jpg\",\"width\":800,\"height\":532,\"caption\":\"droit immobilier\"},{\"@type\":\"BreadcrumbList\",\"@id\":\"http:\/\/192.168.1.18\/droit-immobilier\/#breadcrumb\",\"itemListElement\":[{\"@type\":\"ListItem\",\"position\":1,\"name\":\"Home\",\"item\":\"http:\/\/192.168.1.18\/\"},{\"@type\":\"ListItem\",\"position\":2,\"name\":\"Droit immobilier\"}]},{\"@type\":\"WebSite\",\"@id\":\"http:\/\/192.168.1.18\/#website\",\"url\":\"http:\/\/192.168.1.18\/\",\"name\":\"Office Notarial Jean-Yves Gall\",\"description\":\"\",\"publisher\":{\"@id\":\"http:\/\/192.168.1.18\/#organization\"},\"potentialAction\":[{\"@type\":\"SearchAction\",\"target\":{\"@type\":\"EntryPoint\",\"urlTemplate\":\"http:\/\/192.168.1.18\/?s={search_term_string}\"},\"query-input\":{\"@type\":\"PropertyValueSpecification\",\"valueRequired\":true,\"valueName\":\"search_term_string\"}}],\"inLanguage\":\"fr-FR\"},{\"@type\":\"Organization\",\"@id\":\"http:\/\/192.168.1.18\/#organization\",\"name\":\"Office Notarial Jean-Yves Gall - Ch\u00e2tel-sur-Moselle\",\"alternateName\":\"Etude Jean-Yves Gall\",\"url\":\"http:\/\/192.168.1.18\/\",\"logo\":{\"@type\":\"ImageObject\",\"inLanguage\":\"fr-FR\",\"@id\":\"http:\/\/192.168.1.18\/#\/schema\/logo\/image\/\",\"url\":\"https:\/\/mljv7i4bi0u5.i.optimole.com\/w:auto\/h:auto\/q:mauto\/f:best\/http:\/\/www.baphomet.fr\/wp-content\/uploads\/2023\/05\/cropped-favicon-jean-yves-gall-notaire.png\",\"contentUrl\":\"https:\/\/mljv7i4bi0u5.i.optimole.com\/w:auto\/h:auto\/q:mauto\/f:best\/http:\/\/www.baphomet.fr\/wp-content\/uploads\/2023\/05\/cropped-favicon-jean-yves-gall-notaire.png\",\"width\":512,\"height\":512,\"caption\":\"Office Notarial Jean-Yves Gall - Ch\u00e2tel-sur-Moselle\"},\"image\":{\"@id\":\"http:\/\/192.168.1.18\/#\/schema\/logo\/image\/\"}}]}<\/script>\n<!-- \/ Yoast SEO plugin. -->","yoast_head_json":{"title":"Droit immobilier - Office Notarial Jean-Yves Gall","description":"Partout en France, l\u2019\u00e9tude de Ma\u00eetre Jean-Yves Gall vous accompagne lors de vos d\u00e9marches li\u00e9es \u00e0 l'achat ou la vente d'un bien immobilier.","robots":{"index":"index","follow":"follow","max-snippet":"max-snippet:-1","max-image-preview":"max-image-preview:large","max-video-preview":"max-video-preview:-1"},"canonical":"http:\/\/192.168.1.18\/droit-immobilier\/","og_locale":"fr_FR","og_type":"article","og_title":"Droit immobilier - Office Notarial Jean-Yves Gall","og_description":"Partout en France, l\u2019\u00e9tude de Ma\u00eetre Jean-Yves Gall vous accompagne lors de vos d\u00e9marches li\u00e9es \u00e0 l'achat ou la vente d'un bien immobilier.","og_url":"http:\/\/192.168.1.18\/droit-immobilier\/","og_site_name":"Office Notarial Jean-Yves Gall","article_modified_time":"2024-03-26T22:25:43+00:00","og_image":[{"width":800,"height":532,"url":"https:\/\/mljv7i4bi0u5.i.optimole.com\/w:auto\/h:auto\/q:mauto\/f:best\/http:\/\/192.168.1.18\/wp-content\/uploads\/2023\/08\/droit-immobilier-immeuble-maison-notaire.jpg","type":"image\/jpeg"}],"twitter_card":"summary_large_image","twitter_misc":{"Dur\u00e9e de lecture estim\u00e9e":"2 minutes"},"schema":{"@context":"https:\/\/schema.org","@graph":[{"@type":"WebPage","@id":"http:\/\/192.168.1.18\/droit-immobilier\/","url":"http:\/\/192.168.1.18\/droit-immobilier\/","name":"Droit immobilier - Office Notarial Jean-Yves Gall","isPartOf":{"@id":"http:\/\/192.168.1.18\/#website"},"primaryImageOfPage":{"@id":"http:\/\/192.168.1.18\/droit-immobilier\/#primaryimage"},"image":{"@id":"http:\/\/192.168.1.18\/droit-immobilier\/#primaryimage"},"thumbnailUrl":"https:\/\/mljv7i4bi0u5.i.optimole.com\/w:auto\/h:auto\/q:mauto\/f:best\/http:\/\/192.168.1.18\/wp-content\/uploads\/2023\/08\/droit-immobilier-immeuble-maison-notaire.jpg","datePublished":"2023-08-21T13:37:57+00:00","dateModified":"2024-03-26T22:25:43+00:00","description":"Partout en France, l\u2019\u00e9tude de Ma\u00eetre Jean-Yves Gall vous accompagne lors de vos d\u00e9marches li\u00e9es \u00e0 l'achat ou la vente d'un bien immobilier.","breadcrumb":{"@id":"http:\/\/192.168.1.18\/droit-immobilier\/#breadcrumb"},"inLanguage":"fr-FR","potentialAction":[{"@type":"ReadAction","target":["http:\/\/192.168.1.18\/droit-immobilier\/"]}]},{"@type":"ImageObject","inLanguage":"fr-FR","@id":"http:\/\/192.168.1.18\/droit-immobilier\/#primaryimage","url":"https:\/\/mljv7i4bi0u5.i.optimole.com\/w:auto\/h:auto\/q:mauto\/f:best\/http:\/\/192.168.1.18\/wp-content\/uploads\/2023\/08\/droit-immobilier-immeuble-maison-notaire.jpg","contentUrl":"https:\/\/mljv7i4bi0u5.i.optimole.com\/w:auto\/h:auto\/q:mauto\/f:best\/http:\/\/192.168.1.18\/wp-content\/uploads\/2023\/08\/droit-immobilier-immeuble-maison-notaire.jpg","width":800,"height":532,"caption":"droit immobilier"},{"@type":"BreadcrumbList","@id":"http:\/\/192.168.1.18\/droit-immobilier\/#breadcrumb","itemListElement":[{"@type":"ListItem","position":1,"name":"Home","item":"http:\/\/192.168.1.18\/"},{"@type":"ListItem","position":2,"name":"Droit immobilier"}]},{"@type":"WebSite","@id":"http:\/\/192.168.1.18\/#website","url":"http:\/\/192.168.1.18\/","name":"Office Notarial Jean-Yves Gall","description":"","publisher":{"@id":"http:\/\/192.168.1.18\/#organization"},"potentialAction":[{"@type":"SearchAction","target":{"@type":"EntryPoint","urlTemplate":"http:\/\/192.168.1.18\/?s={search_term_string}"},"query-input":{"@type":"PropertyValueSpecification","valueRequired":true,"valueName":"search_term_string"}}],"inLanguage":"fr-FR"},{"@type":"Organization","@id":"http:\/\/192.168.1.18\/#organization","name":"Office Notarial Jean-Yves Gall - Ch\u00e2tel-sur-Moselle","alternateName":"Etude Jean-Yves Gall","url":"http:\/\/192.168.1.18\/","logo":{"@type":"ImageObject","inLanguage":"fr-FR","@id":"http:\/\/192.168.1.18\/#\/schema\/logo\/image\/","url":"https:\/\/mljv7i4bi0u5.i.optimole.com\/w:auto\/h:auto\/q:mauto\/f:best\/http:\/\/www.baphomet.fr\/wp-content\/uploads\/2023\/05\/cropped-favicon-jean-yves-gall-notaire.png","contentUrl":"https:\/\/mljv7i4bi0u5.i.optimole.com\/w:auto\/h:auto\/q:mauto\/f:best\/http:\/\/www.baphomet.fr\/wp-content\/uploads\/2023\/05\/cropped-favicon-jean-yves-gall-notaire.png","width":512,"height":512,"caption":"Office Notarial Jean-Yves Gall - Ch\u00e2tel-sur-Moselle"},"image":{"@id":"http:\/\/192.168.1.18\/#\/schema\/logo\/image\/"}}]}},"_links":{"self":[{"href":"http:\/\/192.168.1.18\/wp-json\/wp\/v2\/pages\/8613","targetHints":{"allow":["GET"]}}],"collection":[{"href":"http:\/\/192.168.1.18\/wp-json\/wp\/v2\/pages"}],"about":[{"href":"http:\/\/192.168.1.18\/wp-json\/wp\/v2\/types\/page"}],"author":[{"embeddable":true,"href":"http:\/\/192.168.1.18\/wp-json\/wp\/v2\/users\/1"}],"replies":[{"embeddable":true,"href":"http:\/\/192.168.1.18\/wp-json\/wp\/v2\/comments?post=8613"}],"version-history":[{"count":11,"href":"http:\/\/192.168.1.18\/wp-json\/wp\/v2\/pages\/8613\/revisions"}],"predecessor-version":[{"id":8998,"href":"http:\/\/192.168.1.18\/wp-json\/wp\/v2\/pages\/8613\/revisions\/8998"}],"wp:featuredmedia":[{"embeddable":true,"href":"http:\/\/192.168.1.18\/wp-json\/wp\/v2\/media\/8658"}],"wp:attachment":[{"href":"http:\/\/192.168.1.18\/wp-json\/wp\/v2\/media?parent=8613"}],"curies":[{"name":"wp","href":"https:\/\/api.w.org\/{rel}","templated":true}]}}