{"id":8623,"date":"2023-08-21T15:46:47","date_gmt":"2023-08-21T13:46:47","guid":{"rendered":"http:\/\/www.baphomet.fr\/?page_id=8623"},"modified":"2024-03-26T23:32:06","modified_gmt":"2024-03-26T22:32:06","slug":"gestion-patrimoine","status":"publish","type":"page","link":"http:\/\/192.168.1.18\/gestion-patrimoine\/","title":{"rendered":"Gestion de patrimoine"},"content":{"rendered":"<style type=\"text\/css\" data-type=\"vc_cmsms_shortcodes-custom-css\"><\/style><p>[vc_row][vc_column][vc_single_image image=\u00a0\u00bb8663&Prime; img_size=\u00a0\u00bbfull\u00a0\u00bb alignment=\u00a0\u00bbcenter\u00a0\u00bb][vc_column_text]<\/p>\r\n<p>En lien avec le <a href=\"\/droit-famille\/\">droit de la famille<\/a> et le <a href=\"\/droit-immobilier\/\">droit immobilier<\/a>, la gestion de patrimoine se trouve naturellement dans le pr\u00e9 carr\u00e9 des notaires. En effet, le mariage, la propri\u00e9t\u00e9 immobili\u00e8re et les m\u00e9canismes de transmission constituent autant de volets d\u2019une vaste strat\u00e9gie qui b\u00e9n\u00e9ficie aux particuliers et que l\u2019on r\u00e9sume \u00e0 la question du patrimoine.<\/p>\r\n\r\n<p>Pour ce public, mais aussi pour les entreprises, l\u2019\u00e9tude de Ma\u00eetre Jean-Yves Gall \u00e0 Ch\u00e2tel-sur-Moselle apporte des r\u00e9ponses efficaces. Optimisation fiscale, optimisation patrimoniale, gestion de l\u2019imp\u00f4t sur le revenu par des investissements, optimisation de l\u2019ISF, am\u00e9lioration des rentes du patrimoine\u2026 Votre notaire \u00e9tablit avec pr\u00e9cision le p\u00e9rim\u00e8tre des actions possibles et vous conseille de mani\u00e8re continue ou ponctuelle sur la d\u00e9fense de vos int\u00e9r\u00eats financiers.<\/p>\r\n\r\n<p>Dans ce cadre, il peut aussi vous proposer de r\u00e9aliser tel ou tel arbitrage, afin d\u2019am\u00e9liorer vos revenus, et peut \u00e9galement vous faire b\u00e9n\u00e9ficier de ses lumi\u00e8res en mati\u00e8re d\u2019investissement mobilier, que ce soit via des fonds de commun de placement sp\u00e9cifiques ou l\u2019aide \u00e0 la r\u00e9daction de clause b\u00e9n\u00e9ficiaire d\u2019assurance-vie. Votre notaire s\u2019assure \u00e9videmment du bouclage juridique de l\u2019ensemble des projets pr\u00e9sent\u00e9s, le cas \u00e9ch\u00e9ant.<\/p>\r\n\r\n<p>&nbsp;<\/p>\r\n<p>[\/vc_column_text][\/vc_column][\/vc_row]<\/p>","protected":false},"excerpt":{"rendered":"<p>[vc_row][vc_column][vc_single_image image=\u00a0\u00bb8663&Prime; img_size=\u00a0\u00bbfull\u00a0\u00bb alignment=\u00a0\u00bbcenter\u00a0\u00bb][vc_column_text] En lien avec le droit de la famille et le droit immobilier, la gestion de patrimoine se trouve naturellement dans le pr\u00e9 carr\u00e9 des notaires. En effet, le mariage, la propri\u00e9t\u00e9 immobili\u00e8re et les m\u00e9canismes de transmission constituent autant de volets d\u2019une vaste strat\u00e9gie qui b\u00e9n\u00e9ficie aux particuliers et que l\u2019on&#8230;<\/p>\n","protected":false},"author":1,"featured_media":8663,"parent":0,"menu_order":0,"comment_status":"closed","ping_status":"closed","template":"","meta":{"_themeisle_gutenberg_block_has_review":false,"footnotes":""},"class_list":["post-8623","page","type-page","status-publish","has-post-thumbnail","hentry"],"yoast_head":"<!-- This site is optimized with the Yoast SEO plugin v24.8.1 - https:\/\/yoast.com\/wordpress\/plugins\/seo\/ -->\n<title>Gestion de patrimoine - Office Notarial Jean-Yves Gall<\/title>\n<meta name=\"description\" content=\"Optimisation fiscale, investissements, optimisation de l\u2019ISF : Ma\u00eetre Jean-Yves Gall vous accompagne dans la gestion de votre patrimoine.\" \/>\n<meta name=\"robots\" content=\"index, follow, max-snippet:-1, max-image-preview:large, max-video-preview:-1\" \/>\n<link rel=\"canonical\" href=\"http:\/\/192.168.1.18\/gestion-patrimoine\/\" \/>\n<meta property=\"og:locale\" content=\"fr_FR\" \/>\n<meta property=\"og:type\" content=\"article\" \/>\n<meta property=\"og:title\" content=\"Gestion de patrimoine - Office Notarial Jean-Yves Gall\" \/>\n<meta property=\"og:description\" content=\"Optimisation fiscale, investissements, optimisation de l\u2019ISF : Ma\u00eetre Jean-Yves Gall vous accompagne dans la gestion de votre patrimoine.\" \/>\n<meta property=\"og:url\" content=\"http:\/\/192.168.1.18\/gestion-patrimoine\/\" \/>\n<meta property=\"og:site_name\" content=\"Office Notarial Jean-Yves Gall\" \/>\n<meta property=\"article:modified_time\" content=\"2024-03-26T22:32:06+00:00\" \/>\n<meta property=\"og:image\" content=\"https:\/\/mljv7i4bi0u5.i.optimole.com\/w:auto\/h:auto\/q:mauto\/f:best\/http:\/\/192.168.1.18\/wp-content\/uploads\/2023\/08\/droit-gestion-patrimoine-notaire-chatel.jpg\" \/>\n\t<meta property=\"og:image:width\" content=\"800\" \/>\n\t<meta property=\"og:image:height\" content=\"533\" \/>\n\t<meta property=\"og:image:type\" content=\"image\/jpeg\" \/>\n<meta name=\"twitter:card\" content=\"summary_large_image\" \/>\n<meta name=\"twitter:label1\" content=\"Dur\u00e9e de lecture estim\u00e9e\" \/>\n\t<meta name=\"twitter:data1\" content=\"2 minutes\" \/>\n<script type=\"application\/ld+json\" class=\"yoast-schema-graph\">{\"@context\":\"https:\/\/schema.org\",\"@graph\":[{\"@type\":\"WebPage\",\"@id\":\"http:\/\/192.168.1.18\/gestion-patrimoine\/\",\"url\":\"http:\/\/192.168.1.18\/gestion-patrimoine\/\",\"name\":\"Gestion de patrimoine - Office Notarial Jean-Yves Gall\",\"isPartOf\":{\"@id\":\"http:\/\/192.168.1.18\/#website\"},\"primaryImageOfPage\":{\"@id\":\"http:\/\/192.168.1.18\/gestion-patrimoine\/#primaryimage\"},\"image\":{\"@id\":\"http:\/\/192.168.1.18\/gestion-patrimoine\/#primaryimage\"},\"thumbnailUrl\":\"https:\/\/mljv7i4bi0u5.i.optimole.com\/w:auto\/h:auto\/q:mauto\/f:best\/http:\/\/192.168.1.18\/wp-content\/uploads\/2023\/08\/droit-gestion-patrimoine-notaire-chatel.jpg\",\"datePublished\":\"2023-08-21T13:46:47+00:00\",\"dateModified\":\"2024-03-26T22:32:06+00:00\",\"description\":\"Optimisation fiscale, investissements, optimisation de l\u2019ISF : Ma\u00eetre Jean-Yves Gall vous accompagne dans la gestion de votre patrimoine.\",\"breadcrumb\":{\"@id\":\"http:\/\/192.168.1.18\/gestion-patrimoine\/#breadcrumb\"},\"inLanguage\":\"fr-FR\",\"potentialAction\":[{\"@type\":\"ReadAction\",\"target\":[\"http:\/\/192.168.1.18\/gestion-patrimoine\/\"]}]},{\"@type\":\"ImageObject\",\"inLanguage\":\"fr-FR\",\"@id\":\"http:\/\/192.168.1.18\/gestion-patrimoine\/#primaryimage\",\"url\":\"https:\/\/mljv7i4bi0u5.i.optimole.com\/w:auto\/h:auto\/q:mauto\/f:best\/http:\/\/192.168.1.18\/wp-content\/uploads\/2023\/08\/droit-gestion-patrimoine-notaire-chatel.jpg\",\"contentUrl\":\"https:\/\/mljv7i4bi0u5.i.optimole.com\/w:auto\/h:auto\/q:mauto\/f:best\/http:\/\/192.168.1.18\/wp-content\/uploads\/2023\/08\/droit-gestion-patrimoine-notaire-chatel.jpg\",\"width\":800,\"height\":533,\"caption\":\"Gestion de patrimoine \u00e0 Ch\u00e2tel\"},{\"@type\":\"BreadcrumbList\",\"@id\":\"http:\/\/192.168.1.18\/gestion-patrimoine\/#breadcrumb\",\"itemListElement\":[{\"@type\":\"ListItem\",\"position\":1,\"name\":\"Home\",\"item\":\"http:\/\/192.168.1.18\/\"},{\"@type\":\"ListItem\",\"position\":2,\"name\":\"Gestion de patrimoine\"}]},{\"@type\":\"WebSite\",\"@id\":\"http:\/\/192.168.1.18\/#website\",\"url\":\"http:\/\/192.168.1.18\/\",\"name\":\"Office Notarial Jean-Yves Gall\",\"description\":\"\",\"publisher\":{\"@id\":\"http:\/\/192.168.1.18\/#organization\"},\"potentialAction\":[{\"@type\":\"SearchAction\",\"target\":{\"@type\":\"EntryPoint\",\"urlTemplate\":\"http:\/\/192.168.1.18\/?s={search_term_string}\"},\"query-input\":{\"@type\":\"PropertyValueSpecification\",\"valueRequired\":true,\"valueName\":\"search_term_string\"}}],\"inLanguage\":\"fr-FR\"},{\"@type\":\"Organization\",\"@id\":\"http:\/\/192.168.1.18\/#organization\",\"name\":\"Office Notarial Jean-Yves Gall - Ch\u00e2tel-sur-Moselle\",\"alternateName\":\"Etude Jean-Yves Gall\",\"url\":\"http:\/\/192.168.1.18\/\",\"logo\":{\"@type\":\"ImageObject\",\"inLanguage\":\"fr-FR\",\"@id\":\"http:\/\/192.168.1.18\/#\/schema\/logo\/image\/\",\"url\":\"https:\/\/mljv7i4bi0u5.i.optimole.com\/w:auto\/h:auto\/q:mauto\/f:best\/http:\/\/www.baphomet.fr\/wp-content\/uploads\/2023\/05\/cropped-favicon-jean-yves-gall-notaire.png\",\"contentUrl\":\"https:\/\/mljv7i4bi0u5.i.optimole.com\/w:auto\/h:auto\/q:mauto\/f:best\/http:\/\/www.baphomet.fr\/wp-content\/uploads\/2023\/05\/cropped-favicon-jean-yves-gall-notaire.png\",\"width\":512,\"height\":512,\"caption\":\"Office Notarial Jean-Yves Gall - Ch\u00e2tel-sur-Moselle\"},\"image\":{\"@id\":\"http:\/\/192.168.1.18\/#\/schema\/logo\/image\/\"}}]}<\/script>\n<!-- \/ Yoast SEO plugin. -->","yoast_head_json":{"title":"Gestion de patrimoine - Office Notarial Jean-Yves Gall","description":"Optimisation fiscale, investissements, optimisation de l\u2019ISF : Ma\u00eetre Jean-Yves Gall vous accompagne dans la gestion de votre patrimoine.","robots":{"index":"index","follow":"follow","max-snippet":"max-snippet:-1","max-image-preview":"max-image-preview:large","max-video-preview":"max-video-preview:-1"},"canonical":"http:\/\/192.168.1.18\/gestion-patrimoine\/","og_locale":"fr_FR","og_type":"article","og_title":"Gestion de patrimoine - Office Notarial Jean-Yves Gall","og_description":"Optimisation fiscale, investissements, optimisation de l\u2019ISF : Ma\u00eetre Jean-Yves Gall vous accompagne dans la gestion de votre patrimoine.","og_url":"http:\/\/192.168.1.18\/gestion-patrimoine\/","og_site_name":"Office Notarial Jean-Yves Gall","article_modified_time":"2024-03-26T22:32:06+00:00","og_image":[{"width":800,"height":533,"url":"https:\/\/mljv7i4bi0u5.i.optimole.com\/w:auto\/h:auto\/q:mauto\/f:best\/http:\/\/192.168.1.18\/wp-content\/uploads\/2023\/08\/droit-gestion-patrimoine-notaire-chatel.jpg","type":"image\/jpeg"}],"twitter_card":"summary_large_image","twitter_misc":{"Dur\u00e9e de lecture estim\u00e9e":"2 minutes"},"schema":{"@context":"https:\/\/schema.org","@graph":[{"@type":"WebPage","@id":"http:\/\/192.168.1.18\/gestion-patrimoine\/","url":"http:\/\/192.168.1.18\/gestion-patrimoine\/","name":"Gestion de patrimoine - Office Notarial Jean-Yves Gall","isPartOf":{"@id":"http:\/\/192.168.1.18\/#website"},"primaryImageOfPage":{"@id":"http:\/\/192.168.1.18\/gestion-patrimoine\/#primaryimage"},"image":{"@id":"http:\/\/192.168.1.18\/gestion-patrimoine\/#primaryimage"},"thumbnailUrl":"https:\/\/mljv7i4bi0u5.i.optimole.com\/w:auto\/h:auto\/q:mauto\/f:best\/http:\/\/192.168.1.18\/wp-content\/uploads\/2023\/08\/droit-gestion-patrimoine-notaire-chatel.jpg","datePublished":"2023-08-21T13:46:47+00:00","dateModified":"2024-03-26T22:32:06+00:00","description":"Optimisation fiscale, investissements, optimisation de l\u2019ISF : Ma\u00eetre Jean-Yves Gall vous accompagne dans la gestion de votre patrimoine.","breadcrumb":{"@id":"http:\/\/192.168.1.18\/gestion-patrimoine\/#breadcrumb"},"inLanguage":"fr-FR","potentialAction":[{"@type":"ReadAction","target":["http:\/\/192.168.1.18\/gestion-patrimoine\/"]}]},{"@type":"ImageObject","inLanguage":"fr-FR","@id":"http:\/\/192.168.1.18\/gestion-patrimoine\/#primaryimage","url":"https:\/\/mljv7i4bi0u5.i.optimole.com\/w:auto\/h:auto\/q:mauto\/f:best\/http:\/\/192.168.1.18\/wp-content\/uploads\/2023\/08\/droit-gestion-patrimoine-notaire-chatel.jpg","contentUrl":"https:\/\/mljv7i4bi0u5.i.optimole.com\/w:auto\/h:auto\/q:mauto\/f:best\/http:\/\/192.168.1.18\/wp-content\/uploads\/2023\/08\/droit-gestion-patrimoine-notaire-chatel.jpg","width":800,"height":533,"caption":"Gestion de patrimoine \u00e0 Ch\u00e2tel"},{"@type":"BreadcrumbList","@id":"http:\/\/192.168.1.18\/gestion-patrimoine\/#breadcrumb","itemListElement":[{"@type":"ListItem","position":1,"name":"Home","item":"http:\/\/192.168.1.18\/"},{"@type":"ListItem","position":2,"name":"Gestion de patrimoine"}]},{"@type":"WebSite","@id":"http:\/\/192.168.1.18\/#website","url":"http:\/\/192.168.1.18\/","name":"Office Notarial Jean-Yves Gall","description":"","publisher":{"@id":"http:\/\/192.168.1.18\/#organization"},"potentialAction":[{"@type":"SearchAction","target":{"@type":"EntryPoint","urlTemplate":"http:\/\/192.168.1.18\/?s={search_term_string}"},"query-input":{"@type":"PropertyValueSpecification","valueRequired":true,"valueName":"search_term_string"}}],"inLanguage":"fr-FR"},{"@type":"Organization","@id":"http:\/\/192.168.1.18\/#organization","name":"Office Notarial Jean-Yves Gall - Ch\u00e2tel-sur-Moselle","alternateName":"Etude Jean-Yves Gall","url":"http:\/\/192.168.1.18\/","logo":{"@type":"ImageObject","inLanguage":"fr-FR","@id":"http:\/\/192.168.1.18\/#\/schema\/logo\/image\/","url":"https:\/\/mljv7i4bi0u5.i.optimole.com\/w:auto\/h:auto\/q:mauto\/f:best\/http:\/\/www.baphomet.fr\/wp-content\/uploads\/2023\/05\/cropped-favicon-jean-yves-gall-notaire.png","contentUrl":"https:\/\/mljv7i4bi0u5.i.optimole.com\/w:auto\/h:auto\/q:mauto\/f:best\/http:\/\/www.baphomet.fr\/wp-content\/uploads\/2023\/05\/cropped-favicon-jean-yves-gall-notaire.png","width":512,"height":512,"caption":"Office Notarial Jean-Yves Gall - Ch\u00e2tel-sur-Moselle"},"image":{"@id":"http:\/\/192.168.1.18\/#\/schema\/logo\/image\/"}}]}},"_links":{"self":[{"href":"http:\/\/192.168.1.18\/wp-json\/wp\/v2\/pages\/8623","targetHints":{"allow":["GET"]}}],"collection":[{"href":"http:\/\/192.168.1.18\/wp-json\/wp\/v2\/pages"}],"about":[{"href":"http:\/\/192.168.1.18\/wp-json\/wp\/v2\/types\/page"}],"author":[{"embeddable":true,"href":"http:\/\/192.168.1.18\/wp-json\/wp\/v2\/users\/1"}],"replies":[{"embeddable":true,"href":"http:\/\/192.168.1.18\/wp-json\/wp\/v2\/comments?post=8623"}],"version-history":[{"count":4,"href":"http:\/\/192.168.1.18\/wp-json\/wp\/v2\/pages\/8623\/revisions"}],"predecessor-version":[{"id":9043,"href":"http:\/\/192.168.1.18\/wp-json\/wp\/v2\/pages\/8623\/revisions\/9043"}],"wp:featuredmedia":[{"embeddable":true,"href":"http:\/\/192.168.1.18\/wp-json\/wp\/v2\/media\/8663"}],"wp:attachment":[{"href":"http:\/\/192.168.1.18\/wp-json\/wp\/v2\/media?parent=8623"}],"curies":[{"name":"wp","href":"https:\/\/api.w.org\/{rel}","templated":true}]}}