{"id":8627,"date":"2023-08-21T15:49:10","date_gmt":"2023-08-21T13:49:10","guid":{"rendered":"http:\/\/www.baphomet.fr\/?page_id=8627"},"modified":"2024-03-26T23:51:41","modified_gmt":"2024-03-26T22:51:41","slug":"droit-rural","status":"publish","type":"page","link":"http:\/\/192.168.1.18\/droit-rural\/","title":{"rendered":"Droit rural"},"content":{"rendered":"<style type=\"text\/css\" data-type=\"vc_cmsms_shortcodes-custom-css\"><\/style><p>[vc_row][vc_column][vc_single_image image=\u00a0\u00bb8650&Prime; img_size=\u00a0\u00bbfull\u00a0\u00bb alignment=\u00a0\u00bbcenter\u00a0\u00bb][vc_column_text]<\/p>\r\n<!-- \/wp:post-content -->\r\n<p><!-- wp:paragraph -->Parce que le notaire est ancr\u00e9 dans un territoire, parce que l\u2019activit\u00e9 agricole repose sur certaines particularit\u00e9s en mati\u00e8re juridique, il est naturel de voir les \u00e9tudes offrir une v\u00e9ritable expertise en mati\u00e8re de droit rural. D\u00e8s la naissance d\u2019une soci\u00e9t\u00e9 agricole, la signature de baux ruraux, puis l\u2019exploitation et la transmission de terrains et d\u2019exploitations, <a href=\"\/jean-yves-gall\/\">Ma\u00eetre Jean-Yves Gall<\/a> suit vos projets et optimise les d\u00e9marches administratives pour faciliter la vie de celles et ceux qui s\u2019occupent de la ruralit\u00e9.<\/p>\r\n<!-- \/wp:paragraph -->\r\n<p>&nbsp;<\/p>\r\n<p>[\/vc_column_text][\/vc_column][\/vc_row]<\/p>","protected":false},"excerpt":{"rendered":"<p>[vc_row][vc_column][vc_single_image image=\u00a0\u00bb8650&Prime; img_size=\u00a0\u00bbfull\u00a0\u00bb alignment=\u00a0\u00bbcenter\u00a0\u00bb][vc_column_text] Parce que le notaire est ancr\u00e9 dans un territoire, parce que l\u2019activit\u00e9 agricole repose sur certaines particularit\u00e9s en mati\u00e8re juridique, il est naturel de voir les \u00e9tudes offrir une v\u00e9ritable expertise en mati\u00e8re de droit rural. D\u00e8s la naissance d\u2019une soci\u00e9t\u00e9 agricole, la signature de baux ruraux, puis l\u2019exploitation et la&#8230;<\/p>\n","protected":false},"author":1,"featured_media":8650,"parent":0,"menu_order":0,"comment_status":"closed","ping_status":"closed","template":"","meta":{"_themeisle_gutenberg_block_has_review":false,"footnotes":""},"class_list":["post-8627","page","type-page","status-publish","has-post-thumbnail","hentry"],"yoast_head":"<!-- This site is optimized with the Yoast SEO plugin v24.8.1 - https:\/\/yoast.com\/wordpress\/plugins\/seo\/ -->\n<title>Droit rural - Office Notarial Jean-Yves Gall<\/title>\n<meta name=\"description\" content=\"Ma\u00eetre Jean-Yves Gall vous accompagne dans la cr\u00e9ation d\u2019une soci\u00e9t\u00e9 agricole, la signature de baux ruraux, l\u2019exploitation et la transmission de terrains et d\u2019exploitations...\" \/>\n<meta name=\"robots\" content=\"index, follow, max-snippet:-1, max-image-preview:large, max-video-preview:-1\" \/>\n<link rel=\"canonical\" href=\"http:\/\/192.168.1.18\/droit-rural\/\" \/>\n<meta property=\"og:locale\" content=\"fr_FR\" \/>\n<meta property=\"og:type\" content=\"article\" \/>\n<meta property=\"og:title\" content=\"Droit rural - Office Notarial Jean-Yves Gall\" \/>\n<meta property=\"og:description\" content=\"Ma\u00eetre Jean-Yves Gall vous accompagne dans la cr\u00e9ation d\u2019une soci\u00e9t\u00e9 agricole, la signature de baux ruraux, l\u2019exploitation et la transmission de terrains et d\u2019exploitations...\" \/>\n<meta property=\"og:url\" content=\"http:\/\/192.168.1.18\/droit-rural\/\" \/>\n<meta property=\"og:site_name\" content=\"Office Notarial Jean-Yves Gall\" \/>\n<meta property=\"article:modified_time\" content=\"2024-03-26T22:51:41+00:00\" \/>\n<meta property=\"og:image\" content=\"https:\/\/mljv7i4bi0u5.i.optimole.com\/w:auto\/h:auto\/q:mauto\/f:best\/http:\/\/192.168.1.18\/wp-content\/uploads\/2023\/08\/droit-rural-agricole-champ.jpg\" \/>\n\t<meta property=\"og:image:width\" content=\"1000\" \/>\n\t<meta property=\"og:image:height\" content=\"666\" \/>\n\t<meta property=\"og:image:type\" content=\"image\/jpeg\" \/>\n<meta name=\"twitter:card\" content=\"summary_large_image\" \/>\n<meta name=\"twitter:label1\" content=\"Dur\u00e9e de lecture estim\u00e9e\" \/>\n\t<meta name=\"twitter:data1\" content=\"1 minute\" \/>\n<script type=\"application\/ld+json\" class=\"yoast-schema-graph\">{\"@context\":\"https:\/\/schema.org\",\"@graph\":[{\"@type\":\"WebPage\",\"@id\":\"http:\/\/192.168.1.18\/droit-rural\/\",\"url\":\"http:\/\/192.168.1.18\/droit-rural\/\",\"name\":\"Droit rural - Office Notarial Jean-Yves Gall\",\"isPartOf\":{\"@id\":\"http:\/\/192.168.1.18\/#website\"},\"primaryImageOfPage\":{\"@id\":\"http:\/\/192.168.1.18\/droit-rural\/#primaryimage\"},\"image\":{\"@id\":\"http:\/\/192.168.1.18\/droit-rural\/#primaryimage\"},\"thumbnailUrl\":\"https:\/\/mljv7i4bi0u5.i.optimole.com\/w:auto\/h:auto\/q:mauto\/f:best\/http:\/\/192.168.1.18\/wp-content\/uploads\/2023\/08\/droit-rural-agricole-champ.jpg\",\"datePublished\":\"2023-08-21T13:49:10+00:00\",\"dateModified\":\"2024-03-26T22:51:41+00:00\",\"description\":\"Ma\u00eetre Jean-Yves Gall vous accompagne dans la cr\u00e9ation d\u2019une soci\u00e9t\u00e9 agricole, la signature de baux ruraux, l\u2019exploitation et la transmission de terrains et d\u2019exploitations...\",\"breadcrumb\":{\"@id\":\"http:\/\/192.168.1.18\/droit-rural\/#breadcrumb\"},\"inLanguage\":\"fr-FR\",\"potentialAction\":[{\"@type\":\"ReadAction\",\"target\":[\"http:\/\/192.168.1.18\/droit-rural\/\"]}]},{\"@type\":\"ImageObject\",\"inLanguage\":\"fr-FR\",\"@id\":\"http:\/\/192.168.1.18\/droit-rural\/#primaryimage\",\"url\":\"https:\/\/mljv7i4bi0u5.i.optimole.com\/w:auto\/h:auto\/q:mauto\/f:best\/http:\/\/192.168.1.18\/wp-content\/uploads\/2023\/08\/droit-rural-agricole-champ.jpg\",\"contentUrl\":\"https:\/\/mljv7i4bi0u5.i.optimole.com\/w:auto\/h:auto\/q:mauto\/f:best\/http:\/\/192.168.1.18\/wp-content\/uploads\/2023\/08\/droit-rural-agricole-champ.jpg\",\"width\":1000,\"height\":666,\"caption\":\"droit rural et agricole\"},{\"@type\":\"BreadcrumbList\",\"@id\":\"http:\/\/192.168.1.18\/droit-rural\/#breadcrumb\",\"itemListElement\":[{\"@type\":\"ListItem\",\"position\":1,\"name\":\"Home\",\"item\":\"http:\/\/192.168.1.18\/\"},{\"@type\":\"ListItem\",\"position\":2,\"name\":\"Droit rural\"}]},{\"@type\":\"WebSite\",\"@id\":\"http:\/\/192.168.1.18\/#website\",\"url\":\"http:\/\/192.168.1.18\/\",\"name\":\"Office Notarial Jean-Yves Gall\",\"description\":\"\",\"publisher\":{\"@id\":\"http:\/\/192.168.1.18\/#organization\"},\"potentialAction\":[{\"@type\":\"SearchAction\",\"target\":{\"@type\":\"EntryPoint\",\"urlTemplate\":\"http:\/\/192.168.1.18\/?s={search_term_string}\"},\"query-input\":{\"@type\":\"PropertyValueSpecification\",\"valueRequired\":true,\"valueName\":\"search_term_string\"}}],\"inLanguage\":\"fr-FR\"},{\"@type\":\"Organization\",\"@id\":\"http:\/\/192.168.1.18\/#organization\",\"name\":\"Office Notarial Jean-Yves Gall - Ch\u00e2tel-sur-Moselle\",\"alternateName\":\"Etude Jean-Yves Gall\",\"url\":\"http:\/\/192.168.1.18\/\",\"logo\":{\"@type\":\"ImageObject\",\"inLanguage\":\"fr-FR\",\"@id\":\"http:\/\/192.168.1.18\/#\/schema\/logo\/image\/\",\"url\":\"https:\/\/mljv7i4bi0u5.i.optimole.com\/w:auto\/h:auto\/q:mauto\/f:best\/http:\/\/www.baphomet.fr\/wp-content\/uploads\/2023\/05\/cropped-favicon-jean-yves-gall-notaire.png\",\"contentUrl\":\"https:\/\/mljv7i4bi0u5.i.optimole.com\/w:auto\/h:auto\/q:mauto\/f:best\/http:\/\/www.baphomet.fr\/wp-content\/uploads\/2023\/05\/cropped-favicon-jean-yves-gall-notaire.png\",\"width\":512,\"height\":512,\"caption\":\"Office Notarial Jean-Yves Gall - Ch\u00e2tel-sur-Moselle\"},\"image\":{\"@id\":\"http:\/\/192.168.1.18\/#\/schema\/logo\/image\/\"}}]}<\/script>\n<!-- \/ Yoast SEO plugin. -->","yoast_head_json":{"title":"Droit rural - Office Notarial Jean-Yves Gall","description":"Ma\u00eetre Jean-Yves Gall vous accompagne dans la cr\u00e9ation d\u2019une soci\u00e9t\u00e9 agricole, la signature de baux ruraux, l\u2019exploitation et la transmission de terrains et d\u2019exploitations...","robots":{"index":"index","follow":"follow","max-snippet":"max-snippet:-1","max-image-preview":"max-image-preview:large","max-video-preview":"max-video-preview:-1"},"canonical":"http:\/\/192.168.1.18\/droit-rural\/","og_locale":"fr_FR","og_type":"article","og_title":"Droit rural - Office Notarial Jean-Yves Gall","og_description":"Ma\u00eetre Jean-Yves Gall vous accompagne dans la cr\u00e9ation d\u2019une soci\u00e9t\u00e9 agricole, la signature de baux ruraux, l\u2019exploitation et la transmission de terrains et d\u2019exploitations...","og_url":"http:\/\/192.168.1.18\/droit-rural\/","og_site_name":"Office Notarial Jean-Yves Gall","article_modified_time":"2024-03-26T22:51:41+00:00","og_image":[{"width":1000,"height":666,"url":"https:\/\/mljv7i4bi0u5.i.optimole.com\/w:auto\/h:auto\/q:mauto\/f:best\/http:\/\/192.168.1.18\/wp-content\/uploads\/2023\/08\/droit-rural-agricole-champ.jpg","type":"image\/jpeg"}],"twitter_card":"summary_large_image","twitter_misc":{"Dur\u00e9e de lecture estim\u00e9e":"1 minute"},"schema":{"@context":"https:\/\/schema.org","@graph":[{"@type":"WebPage","@id":"http:\/\/192.168.1.18\/droit-rural\/","url":"http:\/\/192.168.1.18\/droit-rural\/","name":"Droit rural - Office Notarial Jean-Yves Gall","isPartOf":{"@id":"http:\/\/192.168.1.18\/#website"},"primaryImageOfPage":{"@id":"http:\/\/192.168.1.18\/droit-rural\/#primaryimage"},"image":{"@id":"http:\/\/192.168.1.18\/droit-rural\/#primaryimage"},"thumbnailUrl":"https:\/\/mljv7i4bi0u5.i.optimole.com\/w:auto\/h:auto\/q:mauto\/f:best\/http:\/\/192.168.1.18\/wp-content\/uploads\/2023\/08\/droit-rural-agricole-champ.jpg","datePublished":"2023-08-21T13:49:10+00:00","dateModified":"2024-03-26T22:51:41+00:00","description":"Ma\u00eetre Jean-Yves Gall vous accompagne dans la cr\u00e9ation d\u2019une soci\u00e9t\u00e9 agricole, la signature de baux ruraux, l\u2019exploitation et la transmission de terrains et d\u2019exploitations...","breadcrumb":{"@id":"http:\/\/192.168.1.18\/droit-rural\/#breadcrumb"},"inLanguage":"fr-FR","potentialAction":[{"@type":"ReadAction","target":["http:\/\/192.168.1.18\/droit-rural\/"]}]},{"@type":"ImageObject","inLanguage":"fr-FR","@id":"http:\/\/192.168.1.18\/droit-rural\/#primaryimage","url":"https:\/\/mljv7i4bi0u5.i.optimole.com\/w:auto\/h:auto\/q:mauto\/f:best\/http:\/\/192.168.1.18\/wp-content\/uploads\/2023\/08\/droit-rural-agricole-champ.jpg","contentUrl":"https:\/\/mljv7i4bi0u5.i.optimole.com\/w:auto\/h:auto\/q:mauto\/f:best\/http:\/\/192.168.1.18\/wp-content\/uploads\/2023\/08\/droit-rural-agricole-champ.jpg","width":1000,"height":666,"caption":"droit rural et agricole"},{"@type":"BreadcrumbList","@id":"http:\/\/192.168.1.18\/droit-rural\/#breadcrumb","itemListElement":[{"@type":"ListItem","position":1,"name":"Home","item":"http:\/\/192.168.1.18\/"},{"@type":"ListItem","position":2,"name":"Droit rural"}]},{"@type":"WebSite","@id":"http:\/\/192.168.1.18\/#website","url":"http:\/\/192.168.1.18\/","name":"Office Notarial Jean-Yves Gall","description":"","publisher":{"@id":"http:\/\/192.168.1.18\/#organization"},"potentialAction":[{"@type":"SearchAction","target":{"@type":"EntryPoint","urlTemplate":"http:\/\/192.168.1.18\/?s={search_term_string}"},"query-input":{"@type":"PropertyValueSpecification","valueRequired":true,"valueName":"search_term_string"}}],"inLanguage":"fr-FR"},{"@type":"Organization","@id":"http:\/\/192.168.1.18\/#organization","name":"Office Notarial Jean-Yves Gall - Ch\u00e2tel-sur-Moselle","alternateName":"Etude Jean-Yves Gall","url":"http:\/\/192.168.1.18\/","logo":{"@type":"ImageObject","inLanguage":"fr-FR","@id":"http:\/\/192.168.1.18\/#\/schema\/logo\/image\/","url":"https:\/\/mljv7i4bi0u5.i.optimole.com\/w:auto\/h:auto\/q:mauto\/f:best\/http:\/\/www.baphomet.fr\/wp-content\/uploads\/2023\/05\/cropped-favicon-jean-yves-gall-notaire.png","contentUrl":"https:\/\/mljv7i4bi0u5.i.optimole.com\/w:auto\/h:auto\/q:mauto\/f:best\/http:\/\/www.baphomet.fr\/wp-content\/uploads\/2023\/05\/cropped-favicon-jean-yves-gall-notaire.png","width":512,"height":512,"caption":"Office Notarial Jean-Yves Gall - Ch\u00e2tel-sur-Moselle"},"image":{"@id":"http:\/\/192.168.1.18\/#\/schema\/logo\/image\/"}}]}},"_links":{"self":[{"href":"http:\/\/192.168.1.18\/wp-json\/wp\/v2\/pages\/8627","targetHints":{"allow":["GET"]}}],"collection":[{"href":"http:\/\/192.168.1.18\/wp-json\/wp\/v2\/pages"}],"about":[{"href":"http:\/\/192.168.1.18\/wp-json\/wp\/v2\/types\/page"}],"author":[{"embeddable":true,"href":"http:\/\/192.168.1.18\/wp-json\/wp\/v2\/users\/1"}],"replies":[{"embeddable":true,"href":"http:\/\/192.168.1.18\/wp-json\/wp\/v2\/comments?post=8627"}],"version-history":[{"count":13,"href":"http:\/\/192.168.1.18\/wp-json\/wp\/v2\/pages\/8627\/revisions"}],"predecessor-version":[{"id":9055,"href":"http:\/\/192.168.1.18\/wp-json\/wp\/v2\/pages\/8627\/revisions\/9055"}],"wp:featuredmedia":[{"embeddable":true,"href":"http:\/\/192.168.1.18\/wp-json\/wp\/v2\/media\/8650"}],"wp:attachment":[{"href":"http:\/\/192.168.1.18\/wp-json\/wp\/v2\/media?parent=8627"}],"curies":[{"name":"wp","href":"https:\/\/api.w.org\/{rel}","templated":true}]}}